{"id":295,"date":"2014-01-28T10:17:55","date_gmt":"2014-01-28T10:17:55","guid":{"rendered":"http:\/\/terradibargon.com\/blog\/?page_id=295"},"modified":"2014-01-28T10:17:55","modified_gmt":"2014-01-28T10:17:55","slug":"uber-uns","status":"publish","type":"page","link":"https:\/\/terradibargon.com\/blog\/de\/uber-uns\/","title":{"rendered":"\u00dcber uns"},"content":{"rendered":"<p>Terra di Barg\u00f2n, das neue Unternehmen, das wir gegr\u00fcndet haben, ist die Begegnung zweier Welten: Die von Roberto, der seit seiner Jugend den Wein mit seinen Br\u00fcdern in Riomaggiore kultiviert hat, und die von Alessandra, die schon immer aktiv kultur- und sprach\u00fcbergreifende Netzwerke gepflegt hat, um Unterschiede zu erforschen und das gegenseitige Verst\u00e4ndnis zu f\u00f6rdern.<\/p>\n<p>Terra di Barg\u00f2n ist ein Lebensprojekt unserer pers\u00f6nlichen 60er Jahre. Als nunmehr voll lizenzierte Weinproduzenten wollen wir weiterhin Sciacchetr\u00e0 produzieren, wie Roberto es immer getan hat, aber auch im Einklang mit dem Erbe der hiesigen Tradition Innovationen einf\u00fchren &#8211; eine kulturelle und politische Herausforderung.<br \/>\nWir haben versucht, dies in der &#8222;Designsprache&#8220; der Restrukturierung des Familien-Weinkellers in der Via Gramsci auszudr\u00fccken, auch in der &#8222;Sprache&#8220; des graphischen Designs dieser Seite und den hier benutzen Texten.<\/p>\n<p>Die detaillierte Beschreibung des Produktionszyklus ist ein Weg, die harte Arbeit sichtbar zu machen, die auch reich an Wissen ist: Die Erhaltung des Erbes der Alten, das Roberto zusammen mit anderen Weinproduzenten auf der Basis des \u00fcberlieferten Wissens st\u00e4ndig verbessert.<\/p>\n<p>&nbsp;<\/p>\n<p style=\"text-align: center;\"><img loading=\"lazy\" decoding=\"async\" class=\" size-full wp-image-38\" alt=\"sciacchetra-bargon-fregoso800\" src=\"http:\/\/terradibargon.com\/blog\/wp-content\/uploads\/2010\/03\/sciacchetra-bargon-fregoso800.jpg\" width=\"800\" height=\"628\" srcset=\"https:\/\/terradibargon.com\/blog\/wp-content\/uploads\/2010\/03\/sciacchetra-bargon-fregoso800.jpg 800w, https:\/\/terradibargon.com\/blog\/wp-content\/uploads\/2010\/03\/sciacchetra-bargon-fregoso800-324x254.jpg 324w, https:\/\/terradibargon.com\/blog\/wp-content\/uploads\/2010\/03\/sciacchetra-bargon-fregoso800-416x327.jpg 416w, https:\/\/terradibargon.com\/blog\/wp-content\/uploads\/2010\/03\/sciacchetra-bargon-fregoso800-300x235.jpg 300w\" sizes=\"auto, (max-width: 800px) 100vw, 800px\" \/><\/p>\n<p style=\"text-align: center;\"><img loading=\"lazy\" decoding=\"async\" class=\" size-full wp-image-39\" alt=\"sciacchetra-robe-rotaia\" src=\"http:\/\/terradibargon.com\/blog\/wp-content\/uploads\/2010\/03\/sciacchetra-robe-rotaia.jpg\" width=\"800\" height=\"530\" srcset=\"https:\/\/terradibargon.com\/blog\/wp-content\/uploads\/2010\/03\/sciacchetra-robe-rotaia.jpg 800w, https:\/\/terradibargon.com\/blog\/wp-content\/uploads\/2010\/03\/sciacchetra-robe-rotaia-324x215.jpg 324w, https:\/\/terradibargon.com\/blog\/wp-content\/uploads\/2010\/03\/sciacchetra-robe-rotaia-416x276.jpg 416w, https:\/\/terradibargon.com\/blog\/wp-content\/uploads\/2010\/03\/sciacchetra-robe-rotaia-300x198.jpg 300w\" sizes=\"auto, (max-width: 800px) 100vw, 800px\" \/><\/p>\n<p style=\"text-align: center;\"><img loading=\"lazy\" decoding=\"async\" class=\" size-full wp-image-40\" title=\"Roberto nei vigneti\" alt=\"sciacchetra-robe\" src=\"http:\/\/terradibargon.com\/blog\/wp-content\/uploads\/2010\/03\/sciacchetra-robe.jpg\" width=\"800\" height=\"533\" srcset=\"https:\/\/terradibargon.com\/blog\/wp-content\/uploads\/2010\/03\/sciacchetra-robe.jpg 800w, https:\/\/terradibargon.com\/blog\/wp-content\/uploads\/2010\/03\/sciacchetra-robe-324x216.jpg 324w, https:\/\/terradibargon.com\/blog\/wp-content\/uploads\/2010\/03\/sciacchetra-robe-416x277.jpg 416w, https:\/\/terradibargon.com\/blog\/wp-content\/uploads\/2010\/03\/sciacchetra-robe-300x199.jpg 300w\" sizes=\"auto, (max-width: 800px) 100vw, 800px\" \/><\/p>\n<p style=\"text-align: center;\"><img loading=\"lazy\" decoding=\"async\" class=\" size-full wp-image-41\" alt=\"sciacchetra-cantina\" src=\"http:\/\/terradibargon.com\/blog\/wp-content\/uploads\/2010\/03\/sciacchetra-cantina.jpg\" width=\"800\" height=\"531\" srcset=\"https:\/\/terradibargon.com\/blog\/wp-content\/uploads\/2010\/03\/sciacchetra-cantina.jpg 800w, https:\/\/terradibargon.com\/blog\/wp-content\/uploads\/2010\/03\/sciacchetra-cantina-324x215.jpg 324w, https:\/\/terradibargon.com\/blog\/wp-content\/uploads\/2010\/03\/sciacchetra-cantina-416x276.jpg 416w, https:\/\/terradibargon.com\/blog\/wp-content\/uploads\/2010\/03\/sciacchetra-cantina-300x199.jpg 300w\" sizes=\"auto, (max-width: 800px) 100vw, 800px\" \/><\/p>\n<p style=\"text-align: center;\"><img loading=\"lazy\" decoding=\"async\" class=\" size-full wp-image-42\" alt=\"sciacchetra-ale\" src=\"http:\/\/terradibargon.com\/blog\/wp-content\/uploads\/2010\/03\/sciacchetra-ale.jpg\" width=\"800\" height=\"533\" srcset=\"https:\/\/terradibargon.com\/blog\/wp-content\/uploads\/2010\/03\/sciacchetra-ale.jpg 800w, https:\/\/terradibargon.com\/blog\/wp-content\/uploads\/2010\/03\/sciacchetra-ale-324x216.jpg 324w, https:\/\/terradibargon.com\/blog\/wp-content\/uploads\/2010\/03\/sciacchetra-ale-416x277.jpg 416w, https:\/\/terradibargon.com\/blog\/wp-content\/uploads\/2010\/03\/sciacchetra-ale-300x199.jpg 300w\" sizes=\"auto, (max-width: 800px) 100vw, 800px\" \/><\/p>\n<p style=\"text-align: center;\"><img loading=\"lazy\" decoding=\"async\" class=\" size-full wp-image-43\" alt=\"ale-maya-sciacchetra\" src=\"http:\/\/terradibargon.com\/blog\/wp-content\/uploads\/2010\/03\/ale-maya-sciacchetra.jpg\" width=\"800\" height=\"533\" srcset=\"https:\/\/terradibargon.com\/blog\/wp-content\/uploads\/2010\/03\/ale-maya-sciacchetra.jpg 800w, https:\/\/terradibargon.com\/blog\/wp-content\/uploads\/2010\/03\/ale-maya-sciacchetra-324x216.jpg 324w, https:\/\/terradibargon.com\/blog\/wp-content\/uploads\/2010\/03\/ale-maya-sciacchetra-416x277.jpg 416w, https:\/\/terradibargon.com\/blog\/wp-content\/uploads\/2010\/03\/ale-maya-sciacchetra-300x199.jpg 300w\" sizes=\"auto, (max-width: 800px) 100vw, 800px\" \/><\/p>\n<p style=\"text-align: center;\">\n","protected":false},"excerpt":{"rendered":"<p>Terra di Barg\u00f2n, das neue Unternehmen, das wir gegr\u00fcndet haben, ist die Begegnung zweier Welten: Die von Roberto, der seit seiner Jugend den Wein mit seinen Br\u00fcdern in Riomaggiore kultiviert hat, und die von Alessandra, die schon immer aktiv kultur- und sprach\u00fcbergreifende Netzwerke gepflegt hat, um Unterschiede zu erforschen und das gegenseitige Verst\u00e4ndnis zu f\u00f6rdern. [&hellip;]<\/p>\n","protected":false},"author":1,"featured_media":0,"parent":0,"menu_order":4,"comment_status":"closed","ping_status":"closed","template":"","meta":{"_monsterinsights_skip_tracking":false,"_monsterinsights_sitenote_active":false,"_monsterinsights_sitenote_note":"","_monsterinsights_sitenote_category":0,"footnotes":""},"class_list":["post-295","page","type-page","status-publish","hentry"],"_links":{"self":[{"href":"https:\/\/terradibargon.com\/blog\/de\/wp-json\/wp\/v2\/pages\/295","targetHints":{"allow":["GET"]}}],"collection":[{"href":"https:\/\/terradibargon.com\/blog\/de\/wp-json\/wp\/v2\/pages"}],"about":[{"href":"https:\/\/terradibargon.com\/blog\/de\/wp-json\/wp\/v2\/types\/page"}],"author":[{"embeddable":true,"href":"https:\/\/terradibargon.com\/blog\/de\/wp-json\/wp\/v2\/users\/1"}],"replies":[{"embeddable":true,"href":"https:\/\/terradibargon.com\/blog\/de\/wp-json\/wp\/v2\/comments?post=295"}],"version-history":[{"count":1,"href":"https:\/\/terradibargon.com\/blog\/de\/wp-json\/wp\/v2\/pages\/295\/revisions"}],"predecessor-version":[{"id":296,"href":"https:\/\/terradibargon.com\/blog\/de\/wp-json\/wp\/v2\/pages\/295\/revisions\/296"}],"wp:attachment":[{"href":"https:\/\/terradibargon.com\/blog\/de\/wp-json\/wp\/v2\/media?parent=295"}],"curies":[{"name":"wp","href":"https:\/\/api.w.org\/{rel}","templated":true}]}}