{"id":323,"date":"2014-01-28T11:41:38","date_gmt":"2014-01-28T11:41:38","guid":{"rendered":"http:\/\/terradibargon.com\/blog\/?page_id=323"},"modified":"2014-01-28T11:41:38","modified_gmt":"2014-01-28T11:41:38","slug":"sciacchetra-3","status":"publish","type":"page","link":"https:\/\/terradibargon.com\/blog\/de\/sciacchetra-3\/","title":{"rendered":"Sciacchetr\u00e0"},"content":{"rendered":"<p>Nach der m\u00fcndlichen \u00dcberlieferung der Vorfahren wurde Sciacchetr\u00e0 in Riomaggiore und Manarola &#8222;Renfurs\u00e0&#8220; genannt. &#8222;Vin Dulce&#8220; in Vernazza.<br \/>\nJede Familie produzierte nur kleine Mengen, die bei besonderen Familienanl\u00e4ssen wie Geburten, Hochzeiten und in Vernazza auch Beerdigungen getrunken wurden.<br \/>\nEr wurde als Geschenk benutzt, zum Dank oder Einschmeicheln bei den M\u00e4chtigen: dem Doktor, dem Anwalt, dem Priester &#8211; und insgesamt als Bitte um Schutz (&#8222;einflussreiche Empfehlungen&#8220;).<\/p>\n<p>Anfang des 20. Jahrhunderts wurde die Reblaus aus den USA eingeschleppt, ein Desaster f\u00fcr den europ\u00e4ischen Weinbau. Wegen der Abgeschlossenheit der Region erreichte dieser Sch\u00e4dling die <em>Cinque Terre<\/em> etwas sp\u00e4ter als das \u00fcbrige Land.<\/p>\n<p>Viele Menschen wanderten wegen der Armut aus, die dem Kollaps der regionalen Wirtschaft folgte, die nur auf der Weinproduktion basierte.<br \/>\nViele Reben wurden sp\u00e4ter durch &#8222;Selvatico&#8220; ersetzt, aber viele Terrassen wurden nie wiederhergestellt. Ein weiterer Teil der Bev\u00f6lkerung ging in den 60er und 80er Jahren durch stetigen Bev\u00f6lkerungsr\u00fcckgang und Auswanderung verloren, viele suchten nach besseren Lebensbedingungen au\u00dferhalb der Cinque Terre.<\/p>\n<p>Die regionale Wirtschaft basierte auf dem Verkauf von Trauben. <em>Sciacchetr\u00e0<\/em> wurde niemals verkauft, bis die Cooperativa Agricoltura 1986 damit begann.<\/p>\n<p>Irgendwann wurde der Wein &#8222;<em>Sciacchetr\u00e0<\/em>&#8220; genannt, die Herkunft dieses Namens bleibt unsicher, es gibt mehrere Hypothesen. Die Alten &#8211; und nicht nur sie &#8211; nennen ihn noch immer &#8222;Renfurs\u00e0&#8220;.<\/p>\n<p>&nbsp;<\/p>\n<p style=\"text-align: center;\"><img loading=\"lazy\" decoding=\"async\" class=\"size-full wp-image-45 aligncenter\" alt=\"color-sciacchetra1\" src=\"http:\/\/terradibargon.com\/blog\/wp-content\/uploads\/2010\/03\/color-sciacchetra1.jpg\" width=\"700\" height=\"465\" srcset=\"https:\/\/terradibargon.com\/blog\/wp-content\/uploads\/2010\/03\/color-sciacchetra1.jpg 700w, https:\/\/terradibargon.com\/blog\/wp-content\/uploads\/2010\/03\/color-sciacchetra1-324x215.jpg 324w, https:\/\/terradibargon.com\/blog\/wp-content\/uploads\/2010\/03\/color-sciacchetra1-416x276.jpg 416w, https:\/\/terradibargon.com\/blog\/wp-content\/uploads\/2010\/03\/color-sciacchetra1-300x199.jpg 300w\" sizes=\"auto, (max-width: 700px) 100vw, 700px\" \/><\/p>\n<p style=\"text-align: center;\"><img loading=\"lazy\" decoding=\"async\" class=\"size-full wp-image-46 aligncenter\" alt=\"color-sciacchetra3\" src=\"http:\/\/terradibargon.com\/blog\/wp-content\/uploads\/2010\/03\/color-sciacchetra3.jpg\" width=\"700\" height=\"465\" srcset=\"https:\/\/terradibargon.com\/blog\/wp-content\/uploads\/2010\/03\/color-sciacchetra3.jpg 700w, https:\/\/terradibargon.com\/blog\/wp-content\/uploads\/2010\/03\/color-sciacchetra3-324x215.jpg 324w, https:\/\/terradibargon.com\/blog\/wp-content\/uploads\/2010\/03\/color-sciacchetra3-416x276.jpg 416w, https:\/\/terradibargon.com\/blog\/wp-content\/uploads\/2010\/03\/color-sciacchetra3-300x199.jpg 300w\" sizes=\"auto, (max-width: 700px) 100vw, 700px\" \/><\/p>\n<p style=\"text-align: center;\"><img loading=\"lazy\" decoding=\"async\" class=\"size-full wp-image-47 aligncenter\" alt=\"color-sciacchetra4\" src=\"http:\/\/terradibargon.com\/blog\/wp-content\/uploads\/2010\/03\/color-sciacchetra4.jpg\" width=\"700\" height=\"465\" srcset=\"https:\/\/terradibargon.com\/blog\/wp-content\/uploads\/2010\/03\/color-sciacchetra4.jpg 700w, https:\/\/terradibargon.com\/blog\/wp-content\/uploads\/2010\/03\/color-sciacchetra4-324x215.jpg 324w, https:\/\/terradibargon.com\/blog\/wp-content\/uploads\/2010\/03\/color-sciacchetra4-416x276.jpg 416w, https:\/\/terradibargon.com\/blog\/wp-content\/uploads\/2010\/03\/color-sciacchetra4-300x199.jpg 300w\" sizes=\"auto, (max-width: 700px) 100vw, 700px\" \/><\/p>\n<p style=\"text-align: center;\"><img loading=\"lazy\" decoding=\"async\" class=\"size-full wp-image-48 aligncenter\" alt=\"color-sciacchetra5\" src=\"http:\/\/terradibargon.com\/blog\/wp-content\/uploads\/2010\/03\/color-sciacchetra5.jpg\" width=\"700\" height=\"465\" srcset=\"https:\/\/terradibargon.com\/blog\/wp-content\/uploads\/2010\/03\/color-sciacchetra5.jpg 700w, https:\/\/terradibargon.com\/blog\/wp-content\/uploads\/2010\/03\/color-sciacchetra5-324x215.jpg 324w, https:\/\/terradibargon.com\/blog\/wp-content\/uploads\/2010\/03\/color-sciacchetra5-416x276.jpg 416w, https:\/\/terradibargon.com\/blog\/wp-content\/uploads\/2010\/03\/color-sciacchetra5-300x199.jpg 300w\" sizes=\"auto, (max-width: 700px) 100vw, 700px\" \/><\/p>\n<p style=\"text-align: center;\"><img loading=\"lazy\" decoding=\"async\" class=\"size-full wp-image-49 aligncenter\" alt=\"color-sciacchetra6\" src=\"http:\/\/terradibargon.com\/blog\/wp-content\/uploads\/2010\/03\/color-sciacchetra6.jpg\" width=\"700\" height=\"465\" srcset=\"https:\/\/terradibargon.com\/blog\/wp-content\/uploads\/2010\/03\/color-sciacchetra6.jpg 700w, https:\/\/terradibargon.com\/blog\/wp-content\/uploads\/2010\/03\/color-sciacchetra6-324x215.jpg 324w, https:\/\/terradibargon.com\/blog\/wp-content\/uploads\/2010\/03\/color-sciacchetra6-416x276.jpg 416w, https:\/\/terradibargon.com\/blog\/wp-content\/uploads\/2010\/03\/color-sciacchetra6-300x199.jpg 300w\" sizes=\"auto, (max-width: 700px) 100vw, 700px\" \/><\/p>\n<p style=\"text-align: center;\"><img loading=\"lazy\" decoding=\"async\" class=\"wp-image-50 aligncenter\" alt=\"color-sciacchetra7\" src=\"http:\/\/terradibargon.com\/blog\/wp-content\/uploads\/2010\/03\/color-sciacchetra7.jpg\" width=\"700\" height=\"465\" srcset=\"https:\/\/terradibargon.com\/blog\/wp-content\/uploads\/2010\/03\/color-sciacchetra7.jpg 700w, https:\/\/terradibargon.com\/blog\/wp-content\/uploads\/2010\/03\/color-sciacchetra7-324x215.jpg 324w, https:\/\/terradibargon.com\/blog\/wp-content\/uploads\/2010\/03\/color-sciacchetra7-416x276.jpg 416w, https:\/\/terradibargon.com\/blog\/wp-content\/uploads\/2010\/03\/color-sciacchetra7-300x199.jpg 300w\" sizes=\"auto, (max-width: 700px) 100vw, 700px\" \/><\/p>\n","protected":false},"excerpt":{"rendered":"<p>Nach der m\u00fcndlichen \u00dcberlieferung der Vorfahren wurde Sciacchetr\u00e0 in Riomaggiore und Manarola &#8222;Renfurs\u00e0&#8220; genannt. &#8222;Vin Dulce&#8220; in Vernazza. Jede Familie produzierte nur kleine Mengen, die bei besonderen Familienanl\u00e4ssen wie Geburten, Hochzeiten und in Vernazza auch Beerdigungen getrunken wurden. Er wurde als Geschenk benutzt, zum Dank oder Einschmeicheln bei den M\u00e4chtigen: dem Doktor, dem Anwalt, dem [&hellip;]<\/p>\n","protected":false},"author":1,"featured_media":0,"parent":0,"menu_order":3,"comment_status":"closed","ping_status":"closed","template":"","meta":{"_monsterinsights_skip_tracking":false,"_monsterinsights_sitenote_active":false,"_monsterinsights_sitenote_note":"","_monsterinsights_sitenote_category":0,"footnotes":""},"class_list":["post-323","page","type-page","status-publish","hentry"],"_links":{"self":[{"href":"https:\/\/terradibargon.com\/blog\/de\/wp-json\/wp\/v2\/pages\/323","targetHints":{"allow":["GET"]}}],"collection":[{"href":"https:\/\/terradibargon.com\/blog\/de\/wp-json\/wp\/v2\/pages"}],"about":[{"href":"https:\/\/terradibargon.com\/blog\/de\/wp-json\/wp\/v2\/types\/page"}],"author":[{"embeddable":true,"href":"https:\/\/terradibargon.com\/blog\/de\/wp-json\/wp\/v2\/users\/1"}],"replies":[{"embeddable":true,"href":"https:\/\/terradibargon.com\/blog\/de\/wp-json\/wp\/v2\/comments?post=323"}],"version-history":[{"count":1,"href":"https:\/\/terradibargon.com\/blog\/de\/wp-json\/wp\/v2\/pages\/323\/revisions"}],"predecessor-version":[{"id":324,"href":"https:\/\/terradibargon.com\/blog\/de\/wp-json\/wp\/v2\/pages\/323\/revisions\/324"}],"wp:attachment":[{"href":"https:\/\/terradibargon.com\/blog\/de\/wp-json\/wp\/v2\/media?parent=323"}],"curies":[{"name":"wp","href":"https:\/\/api.w.org\/{rel}","templated":true}]}}