{"id":517,"date":"2014-01-30T17:02:13","date_gmt":"2014-01-30T17:02:13","guid":{"rendered":"http:\/\/terradibargon.com\/blog\/?page_id=517"},"modified":"2014-01-30T17:02:49","modified_gmt":"2014-01-30T17:02:49","slug":"sciacchetra-terra-di-bargon","status":"publish","type":"page","link":"https:\/\/terradibargon.com\/blog\/de\/sciacchetra-terra-di-bargon\/","title":{"rendered":"Sciacchetr\u00e0 &#8222;Terra di Barg\u00f2n&#8220;"},"content":{"rendered":"<p>&#8230; wird mit langj\u00e4hriger Erfahrung aus ausgesuchten Bosco-, Albarola- und Vermentino-Trauben hergestellt, die sofort nach der Ernte auf Gittern im Wind von Barg\u00f2n ausgelegt werden. Gesch\u00fctzt vor direkter Sonne und Regen durch die spezielle Konstruktion der Regale ist es ein idealer Platz zum Trocknen der Trauben.<br \/>\nZwei Monate sp\u00e4ter werden die Beeren im Weinkeller mit der Hand, eine nach der anderen, von den getrockneten Trauben gepfl\u00fcckt, anschlie\u00dfend sanft gepresst und f\u00fcr zwei Wochen im Most zur G\u00e4rung belassen, bevor er zu Ende gepresst wird.<\/p>\n<p>Der Sciacchetr\u00e0 wird durch seine eigene Hefe w\u00e4hrend der etwa zwanzigmonatigen Lagerung in rostfreien Stahlf\u00e4ssern veredelt.<br \/>\nEinzigartig! Ein Wein zum Meditieren&#8230;<br \/>\nPassend besonders zu w\u00fcrzigem K\u00e4se und Blauschimmelk\u00e4se, trockenem Geb\u00e4ck oder Pandolce Genovese, einem s\u00fcssen Brot aus Genua.<\/p>\n<p>Es ist das Verdienst von Paolo, Experte in der Namensgebung, dass &#8222;Terra di Bargon&#8220; ein aussagekr\u00e4ftiger Name f\u00fcr Roberto in seiner neuen Rolle geworden ist.<br \/>\nDie Grafik wurde von Anna in intensiver Diskussion erarbeitet.<\/p>\n<p>Harte Arbeit und Sch\u00f6nheit sind an diesem Ort nahe beieinander: Das Hintergrund-Gewebe der ci\u00e0n (Weinterrassen) und die sch\u00f6ne Grafik des Sciacchetr\u00e0.<br \/>\nDie relevante Information \u00fcber unseren Scaicchetr\u00e0 ist jeweils in der &#8222;scheda tecnica&#8220; enthalten. Sie wird in jede Wein-Verpackung eingelegt und wurde mit den Worten von Gianna geschrieben.<\/p>\n<p>Martino hat w\u00e4hrend der Erstellung dieser Website \u00fcbersetzt, Inhalte und Emotionen interpretiert, die sich langsam entwirrt und offenbart haben.<\/p>\n<p>&nbsp;<\/p>\n<p>&nbsp;<\/p>\n<p style=\"text-align: right;\"><img loading=\"lazy\" decoding=\"async\" class=\" size-full wp-image-116\" alt=\"sciacchetra-terradibargon1\" src=\"http:\/\/terradibargon.com\/blog\/wp-content\/uploads\/2010\/04\/sciacchetra-terradibargon1.jpg\" width=\"465\" height=\"700\" srcset=\"https:\/\/terradibargon.com\/blog\/wp-content\/uploads\/2010\/04\/sciacchetra-terradibargon1.jpg 465w, https:\/\/terradibargon.com\/blog\/wp-content\/uploads\/2010\/04\/sciacchetra-terradibargon1-324x488.jpg 324w, https:\/\/terradibargon.com\/blog\/wp-content\/uploads\/2010\/04\/sciacchetra-terradibargon1-416x626.jpg 416w, https:\/\/terradibargon.com\/blog\/wp-content\/uploads\/2010\/04\/sciacchetra-terradibargon1-199x300.jpg 199w\" sizes=\"auto, (max-width: 465px) 100vw, 465px\" \/><\/p>\n<p style=\"text-align: right;\"><img loading=\"lazy\" decoding=\"async\" class=\" size-full wp-image-117\" alt=\"sciacchetra-terradibargon2\" src=\"http:\/\/terradibargon.com\/blog\/wp-content\/uploads\/2010\/04\/sciacchetra-terradibargon2.jpg\" width=\"465\" height=\"700\" srcset=\"https:\/\/terradibargon.com\/blog\/wp-content\/uploads\/2010\/04\/sciacchetra-terradibargon2.jpg 465w, https:\/\/terradibargon.com\/blog\/wp-content\/uploads\/2010\/04\/sciacchetra-terradibargon2-324x488.jpg 324w, https:\/\/terradibargon.com\/blog\/wp-content\/uploads\/2010\/04\/sciacchetra-terradibargon2-416x626.jpg 416w, https:\/\/terradibargon.com\/blog\/wp-content\/uploads\/2010\/04\/sciacchetra-terradibargon2-199x300.jpg 199w\" sizes=\"auto, (max-width: 465px) 100vw, 465px\" \/><\/p>\n<p style=\"text-align: right;\"><img loading=\"lazy\" decoding=\"async\" class=\" size-full wp-image-118\" alt=\"sciacchetra-terradibargon3\" src=\"http:\/\/terradibargon.com\/blog\/wp-content\/uploads\/2010\/04\/sciacchetra-terradibargon3.jpg\" width=\"465\" height=\"700\" srcset=\"https:\/\/terradibargon.com\/blog\/wp-content\/uploads\/2010\/04\/sciacchetra-terradibargon3.jpg 465w, https:\/\/terradibargon.com\/blog\/wp-content\/uploads\/2010\/04\/sciacchetra-terradibargon3-324x488.jpg 324w, https:\/\/terradibargon.com\/blog\/wp-content\/uploads\/2010\/04\/sciacchetra-terradibargon3-416x626.jpg 416w, https:\/\/terradibargon.com\/blog\/wp-content\/uploads\/2010\/04\/sciacchetra-terradibargon3-199x300.jpg 199w\" sizes=\"auto, (max-width: 465px) 100vw, 465px\" \/><\/p>\n<p style=\"text-align: right;\"><img loading=\"lazy\" decoding=\"async\" class=\" size-full wp-image-119\" alt=\"sciacchetra-terradibargon4\" src=\"http:\/\/terradibargon.com\/blog\/wp-content\/uploads\/2010\/04\/sciacchetra-terradibargon4.jpg\" width=\"465\" height=\"700\" srcset=\"https:\/\/terradibargon.com\/blog\/wp-content\/uploads\/2010\/04\/sciacchetra-terradibargon4.jpg 465w, https:\/\/terradibargon.com\/blog\/wp-content\/uploads\/2010\/04\/sciacchetra-terradibargon4-324x488.jpg 324w, https:\/\/terradibargon.com\/blog\/wp-content\/uploads\/2010\/04\/sciacchetra-terradibargon4-416x626.jpg 416w, https:\/\/terradibargon.com\/blog\/wp-content\/uploads\/2010\/04\/sciacchetra-terradibargon4-199x300.jpg 199w\" sizes=\"auto, (max-width: 465px) 100vw, 465px\" \/><\/p>\n<p style=\"text-align: right;\"><img loading=\"lazy\" decoding=\"async\" class=\" size-full wp-image-120\" alt=\"sciacchetra-terradibargon5\" src=\"http:\/\/terradibargon.com\/blog\/wp-content\/uploads\/2010\/04\/sciacchetra-terradibargon5.jpg\" width=\"465\" height=\"700\" srcset=\"https:\/\/terradibargon.com\/blog\/wp-content\/uploads\/2010\/04\/sciacchetra-terradibargon5.jpg 465w, https:\/\/terradibargon.com\/blog\/wp-content\/uploads\/2010\/04\/sciacchetra-terradibargon5-324x488.jpg 324w, https:\/\/terradibargon.com\/blog\/wp-content\/uploads\/2010\/04\/sciacchetra-terradibargon5-416x626.jpg 416w, https:\/\/terradibargon.com\/blog\/wp-content\/uploads\/2010\/04\/sciacchetra-terradibargon5-199x300.jpg 199w\" sizes=\"auto, (max-width: 465px) 100vw, 465px\" \/><\/p>\n<p style=\"text-align: right;\">\n","protected":false},"excerpt":{"rendered":"<p>&#8230; wird mit langj\u00e4hriger Erfahrung aus ausgesuchten Bosco-, Albarola- und Vermentino-Trauben hergestellt, die sofort nach der Ernte auf Gittern im Wind von Barg\u00f2n ausgelegt werden. Gesch\u00fctzt vor direkter Sonne und Regen durch die spezielle Konstruktion der Regale ist es ein idealer Platz zum Trocknen der Trauben. Zwei Monate sp\u00e4ter werden die Beeren im Weinkeller mit [&hellip;]<\/p>\n","protected":false},"author":1,"featured_media":0,"parent":0,"menu_order":7,"comment_status":"closed","ping_status":"open","template":"","meta":{"_monsterinsights_skip_tracking":false,"_monsterinsights_sitenote_active":false,"_monsterinsights_sitenote_note":"","_monsterinsights_sitenote_category":0,"footnotes":""},"class_list":["post-517","page","type-page","status-publish","hentry"],"_links":{"self":[{"href":"https:\/\/terradibargon.com\/blog\/de\/wp-json\/wp\/v2\/pages\/517","targetHints":{"allow":["GET"]}}],"collection":[{"href":"https:\/\/terradibargon.com\/blog\/de\/wp-json\/wp\/v2\/pages"}],"about":[{"href":"https:\/\/terradibargon.com\/blog\/de\/wp-json\/wp\/v2\/types\/page"}],"author":[{"embeddable":true,"href":"https:\/\/terradibargon.com\/blog\/de\/wp-json\/wp\/v2\/users\/1"}],"replies":[{"embeddable":true,"href":"https:\/\/terradibargon.com\/blog\/de\/wp-json\/wp\/v2\/comments?post=517"}],"version-history":[{"count":2,"href":"https:\/\/terradibargon.com\/blog\/de\/wp-json\/wp\/v2\/pages\/517\/revisions"}],"predecessor-version":[{"id":519,"href":"https:\/\/terradibargon.com\/blog\/de\/wp-json\/wp\/v2\/pages\/517\/revisions\/519"}],"wp:attachment":[{"href":"https:\/\/terradibargon.com\/blog\/de\/wp-json\/wp\/v2\/media?parent=517"}],"curies":[{"name":"wp","href":"https:\/\/api.w.org\/{rel}","templated":true}]}}