{"id":293,"date":"2014-01-28T10:16:33","date_gmt":"2014-01-28T10:16:33","guid":{"rendered":"http:\/\/terradibargon.com\/blog\/?page_id=293"},"modified":"2014-01-28T10:16:33","modified_gmt":"2014-01-28T10:16:33","slug":"quienes-somos","status":"publish","type":"page","link":"https:\/\/terradibargon.com\/blog\/es\/quienes-somos\/","title":{"rendered":"Quienes Somos"},"content":{"rendered":"<p>Terra di Barg\u00f2n es una empresa familiar para la <strong>producci\u00f3n y venta de Sciacchetr\u00e0<\/strong>, nacida del encuentro de dos mundos: el de Roberto, quien ha siempre cultivado la vi\u00f1a con sus hermanos en Riomaggiore y Alessandra que desde muchos a\u00f1os se ha ocupado\u00a0 de activar proyectos entre culturas y lenguajes distintos explorando las diferencias para un mejor entendimiento.<\/p>\n<p>Terra di Barg\u00f2n es nuestro proyecto de los sesenta a\u00f1os. Como productores nuestro reto cultural y pol\u00edtico es de producir el vino Sciacchetr\u00e0 renovando en el marco de la tradici\u00f3n. El proyecto de reforma de la antigua bodega familiar en Via Gramsci es el simbolo de esta renovaci\u00f3n junto con con el dise\u00f1o gr\u00e1fico y el lenguaje escogidos.<\/p>\n<p>La secci\u00f3n del sitio que describe con gran detalle el ciclo de producci\u00f3n tradicional, es una forma de valorizar el duro trabajo, de Roberto y los otros productores y cultivadores. Una labor llena de conocimiento aprendido con el tiempo que se mejora constantemente.<\/p>\n<p>&nbsp;<\/p>\n<p style=\"text-align: center;\"><img loading=\"lazy\" decoding=\"async\" class=\" size-full wp-image-38\" alt=\"sciacchetra-bargon-fregoso800\" src=\"http:\/\/terradibargon.com\/blog\/wp-content\/uploads\/2010\/03\/sciacchetra-bargon-fregoso800.jpg\" width=\"800\" height=\"628\" srcset=\"https:\/\/terradibargon.com\/blog\/wp-content\/uploads\/2010\/03\/sciacchetra-bargon-fregoso800.jpg 800w, https:\/\/terradibargon.com\/blog\/wp-content\/uploads\/2010\/03\/sciacchetra-bargon-fregoso800-324x254.jpg 324w, https:\/\/terradibargon.com\/blog\/wp-content\/uploads\/2010\/03\/sciacchetra-bargon-fregoso800-416x327.jpg 416w, https:\/\/terradibargon.com\/blog\/wp-content\/uploads\/2010\/03\/sciacchetra-bargon-fregoso800-300x235.jpg 300w\" sizes=\"auto, (max-width: 800px) 100vw, 800px\" \/><\/p>\n<p style=\"text-align: center;\"><img loading=\"lazy\" decoding=\"async\" class=\" size-full wp-image-39\" alt=\"sciacchetra-robe-rotaia\" src=\"http:\/\/terradibargon.com\/blog\/wp-content\/uploads\/2010\/03\/sciacchetra-robe-rotaia.jpg\" width=\"800\" height=\"530\" srcset=\"https:\/\/terradibargon.com\/blog\/wp-content\/uploads\/2010\/03\/sciacchetra-robe-rotaia.jpg 800w, https:\/\/terradibargon.com\/blog\/wp-content\/uploads\/2010\/03\/sciacchetra-robe-rotaia-324x215.jpg 324w, https:\/\/terradibargon.com\/blog\/wp-content\/uploads\/2010\/03\/sciacchetra-robe-rotaia-416x276.jpg 416w, https:\/\/terradibargon.com\/blog\/wp-content\/uploads\/2010\/03\/sciacchetra-robe-rotaia-300x198.jpg 300w\" sizes=\"auto, (max-width: 800px) 100vw, 800px\" \/><\/p>\n<p style=\"text-align: center;\"><img loading=\"lazy\" decoding=\"async\" class=\" size-full wp-image-40\" title=\"Roberto nei vigneti\" alt=\"sciacchetra-robe\" src=\"http:\/\/terradibargon.com\/blog\/wp-content\/uploads\/2010\/03\/sciacchetra-robe.jpg\" width=\"800\" height=\"533\" srcset=\"https:\/\/terradibargon.com\/blog\/wp-content\/uploads\/2010\/03\/sciacchetra-robe.jpg 800w, https:\/\/terradibargon.com\/blog\/wp-content\/uploads\/2010\/03\/sciacchetra-robe-324x216.jpg 324w, https:\/\/terradibargon.com\/blog\/wp-content\/uploads\/2010\/03\/sciacchetra-robe-416x277.jpg 416w, https:\/\/terradibargon.com\/blog\/wp-content\/uploads\/2010\/03\/sciacchetra-robe-300x199.jpg 300w\" sizes=\"auto, (max-width: 800px) 100vw, 800px\" \/><\/p>\n<p style=\"text-align: center;\"><img loading=\"lazy\" decoding=\"async\" class=\" size-full wp-image-41\" alt=\"sciacchetra-cantina\" src=\"http:\/\/terradibargon.com\/blog\/wp-content\/uploads\/2010\/03\/sciacchetra-cantina.jpg\" width=\"800\" height=\"531\" srcset=\"https:\/\/terradibargon.com\/blog\/wp-content\/uploads\/2010\/03\/sciacchetra-cantina.jpg 800w, https:\/\/terradibargon.com\/blog\/wp-content\/uploads\/2010\/03\/sciacchetra-cantina-324x215.jpg 324w, https:\/\/terradibargon.com\/blog\/wp-content\/uploads\/2010\/03\/sciacchetra-cantina-416x276.jpg 416w, https:\/\/terradibargon.com\/blog\/wp-content\/uploads\/2010\/03\/sciacchetra-cantina-300x199.jpg 300w\" sizes=\"auto, (max-width: 800px) 100vw, 800px\" \/><\/p>\n<p style=\"text-align: center;\"><img loading=\"lazy\" decoding=\"async\" class=\" size-full wp-image-42\" alt=\"sciacchetra-ale\" src=\"http:\/\/terradibargon.com\/blog\/wp-content\/uploads\/2010\/03\/sciacchetra-ale.jpg\" width=\"800\" height=\"533\" srcset=\"https:\/\/terradibargon.com\/blog\/wp-content\/uploads\/2010\/03\/sciacchetra-ale.jpg 800w, https:\/\/terradibargon.com\/blog\/wp-content\/uploads\/2010\/03\/sciacchetra-ale-324x216.jpg 324w, https:\/\/terradibargon.com\/blog\/wp-content\/uploads\/2010\/03\/sciacchetra-ale-416x277.jpg 416w, https:\/\/terradibargon.com\/blog\/wp-content\/uploads\/2010\/03\/sciacchetra-ale-300x199.jpg 300w\" sizes=\"auto, (max-width: 800px) 100vw, 800px\" \/><\/p>\n<p style=\"text-align: center;\"><img loading=\"lazy\" decoding=\"async\" class=\" size-full wp-image-43\" alt=\"ale-maya-sciacchetra\" src=\"http:\/\/terradibargon.com\/blog\/wp-content\/uploads\/2010\/03\/ale-maya-sciacchetra.jpg\" width=\"800\" height=\"533\" srcset=\"https:\/\/terradibargon.com\/blog\/wp-content\/uploads\/2010\/03\/ale-maya-sciacchetra.jpg 800w, https:\/\/terradibargon.com\/blog\/wp-content\/uploads\/2010\/03\/ale-maya-sciacchetra-324x216.jpg 324w, https:\/\/terradibargon.com\/blog\/wp-content\/uploads\/2010\/03\/ale-maya-sciacchetra-416x277.jpg 416w, https:\/\/terradibargon.com\/blog\/wp-content\/uploads\/2010\/03\/ale-maya-sciacchetra-300x199.jpg 300w\" sizes=\"auto, (max-width: 800px) 100vw, 800px\" \/><\/p>\n<p style=\"text-align: center;\">\n","protected":false},"excerpt":{"rendered":"<p>Terra di Barg\u00f2n es una empresa familiar para la producci\u00f3n y venta de Sciacchetr\u00e0, nacida del encuentro de dos mundos: el de Roberto, quien ha siempre cultivado la vi\u00f1a con sus hermanos en Riomaggiore y Alessandra que desde muchos a\u00f1os se ha ocupado\u00a0 de activar proyectos entre culturas y lenguajes distintos explorando las diferencias para [&hellip;]<\/p>\n","protected":false},"author":1,"featured_media":0,"parent":0,"menu_order":4,"comment_status":"closed","ping_status":"closed","template":"","meta":{"_monsterinsights_skip_tracking":false,"_monsterinsights_sitenote_active":false,"_monsterinsights_sitenote_note":"","_monsterinsights_sitenote_category":0,"footnotes":""},"class_list":["post-293","page","type-page","status-publish","hentry"],"_links":{"self":[{"href":"https:\/\/terradibargon.com\/blog\/es\/wp-json\/wp\/v2\/pages\/293","targetHints":{"allow":["GET"]}}],"collection":[{"href":"https:\/\/terradibargon.com\/blog\/es\/wp-json\/wp\/v2\/pages"}],"about":[{"href":"https:\/\/terradibargon.com\/blog\/es\/wp-json\/wp\/v2\/types\/page"}],"author":[{"embeddable":true,"href":"https:\/\/terradibargon.com\/blog\/es\/wp-json\/wp\/v2\/users\/1"}],"replies":[{"embeddable":true,"href":"https:\/\/terradibargon.com\/blog\/es\/wp-json\/wp\/v2\/comments?post=293"}],"version-history":[{"count":1,"href":"https:\/\/terradibargon.com\/blog\/es\/wp-json\/wp\/v2\/pages\/293\/revisions"}],"predecessor-version":[{"id":294,"href":"https:\/\/terradibargon.com\/blog\/es\/wp-json\/wp\/v2\/pages\/293\/revisions\/294"}],"wp:attachment":[{"href":"https:\/\/terradibargon.com\/blog\/es\/wp-json\/wp\/v2\/media?parent=293"}],"curies":[{"name":"wp","href":"https:\/\/api.w.org\/{rel}","templated":true}]}}