{"id":343,"date":"2014-01-28T12:35:14","date_gmt":"2014-01-28T12:35:14","guid":{"rendered":"http:\/\/terradibargon.com\/blog\/?page_id=343"},"modified":"2014-01-28T12:35:14","modified_gmt":"2014-01-28T12:35:14","slug":"otono","status":"publish","type":"page","link":"https:\/\/terradibargon.com\/blog\/es\/otono\/","title":{"rendered":"Oto\u00f1o"},"content":{"rendered":"<p>Las actividades en oto\u00f1o son: <em>vendemmiare, stendere l&#8217;uva ad appassire sui graticci, lasciarla asciugare quanto basta, raccogliere l&#8217;uva passita, portarla in cantina e qui vinificare<\/em>.<\/p>\n<h3>Vendimia:<\/h3>\n<p>Los hermanos eligen con antigua experiencia las mejores uvas y las llevan a Barg\u00f2n en el sitio con mejor ventilaci\u00f3n.<\/p>\n<p>&nbsp;<\/p>\n<p>&nbsp;<\/p>\n<p style=\"text-align: right;\"><img loading=\"lazy\" decoding=\"async\" class=\" size-full wp-image-54\" title=\"vendemmia sciacchetra\" alt=\"\" src=\"http:\/\/terradibargon.com\/blog\/wp-content\/uploads\/2010\/03\/vendemmia-sciacchetra01.jpg\" width=\"700\" height=\"464\" srcset=\"https:\/\/terradibargon.com\/blog\/wp-content\/uploads\/2010\/03\/vendemmia-sciacchetra01.jpg 700w, https:\/\/terradibargon.com\/blog\/wp-content\/uploads\/2010\/03\/vendemmia-sciacchetra01-324x215.jpg 324w, https:\/\/terradibargon.com\/blog\/wp-content\/uploads\/2010\/03\/vendemmia-sciacchetra01-416x276.jpg 416w, https:\/\/terradibargon.com\/blog\/wp-content\/uploads\/2010\/03\/vendemmia-sciacchetra01-300x198.jpg 300w\" sizes=\"auto, (max-width: 700px) 100vw, 700px\" \/><\/p>\n<p style=\"text-align: right;\"><img loading=\"lazy\" decoding=\"async\" class=\" size-full wp-image-55\" alt=\"vendemmia-sciacchetra02\" src=\"http:\/\/terradibargon.com\/blog\/wp-content\/uploads\/2010\/03\/vendemmia-sciacchetra02.jpg\" width=\"700\" height=\"464\" srcset=\"https:\/\/terradibargon.com\/blog\/wp-content\/uploads\/2010\/03\/vendemmia-sciacchetra02.jpg 700w, https:\/\/terradibargon.com\/blog\/wp-content\/uploads\/2010\/03\/vendemmia-sciacchetra02-324x215.jpg 324w, https:\/\/terradibargon.com\/blog\/wp-content\/uploads\/2010\/03\/vendemmia-sciacchetra02-416x276.jpg 416w, https:\/\/terradibargon.com\/blog\/wp-content\/uploads\/2010\/03\/vendemmia-sciacchetra02-300x198.jpg 300w\" sizes=\"auto, (max-width: 700px) 100vw, 700px\" \/><\/p>\n<p style=\"text-align: right;\"><img loading=\"lazy\" decoding=\"async\" class=\" size-full wp-image-56\" alt=\"vendemmia-sciacchetra03\" src=\"http:\/\/terradibargon.com\/blog\/wp-content\/uploads\/2010\/03\/vendemmia-sciacchetra03.jpg\" width=\"700\" height=\"464\" srcset=\"https:\/\/terradibargon.com\/blog\/wp-content\/uploads\/2010\/03\/vendemmia-sciacchetra03.jpg 700w, https:\/\/terradibargon.com\/blog\/wp-content\/uploads\/2010\/03\/vendemmia-sciacchetra03-324x215.jpg 324w, https:\/\/terradibargon.com\/blog\/wp-content\/uploads\/2010\/03\/vendemmia-sciacchetra03-416x276.jpg 416w, https:\/\/terradibargon.com\/blog\/wp-content\/uploads\/2010\/03\/vendemmia-sciacchetra03-300x198.jpg 300w\" sizes=\"auto, (max-width: 700px) 100vw, 700px\" \/><\/p>\n<p style=\"text-align: right;\"><img loading=\"lazy\" decoding=\"async\" class=\" size-full wp-image-57\" alt=\"vendemmia-sciacchetra04\" src=\"http:\/\/terradibargon.com\/blog\/wp-content\/uploads\/2010\/03\/vendemmia-sciacchetra04.jpg\" width=\"700\" height=\"464\" srcset=\"https:\/\/terradibargon.com\/blog\/wp-content\/uploads\/2010\/03\/vendemmia-sciacchetra04.jpg 700w, https:\/\/terradibargon.com\/blog\/wp-content\/uploads\/2010\/03\/vendemmia-sciacchetra04-324x215.jpg 324w, https:\/\/terradibargon.com\/blog\/wp-content\/uploads\/2010\/03\/vendemmia-sciacchetra04-416x276.jpg 416w, https:\/\/terradibargon.com\/blog\/wp-content\/uploads\/2010\/03\/vendemmia-sciacchetra04-300x198.jpg 300w\" sizes=\"auto, (max-width: 700px) 100vw, 700px\" \/><\/p>\n<p style=\"text-align: right;\"><img loading=\"lazy\" decoding=\"async\" class=\" size-full wp-image-58\" alt=\"vendemmia-sciacchetra05\" src=\"http:\/\/terradibargon.com\/blog\/wp-content\/uploads\/2010\/03\/vendemmia-sciacchetra05.jpg\" width=\"700\" height=\"464\" srcset=\"https:\/\/terradibargon.com\/blog\/wp-content\/uploads\/2010\/03\/vendemmia-sciacchetra05.jpg 700w, https:\/\/terradibargon.com\/blog\/wp-content\/uploads\/2010\/03\/vendemmia-sciacchetra05-324x215.jpg 324w, https:\/\/terradibargon.com\/blog\/wp-content\/uploads\/2010\/03\/vendemmia-sciacchetra05-416x276.jpg 416w, https:\/\/terradibargon.com\/blog\/wp-content\/uploads\/2010\/03\/vendemmia-sciacchetra05-300x198.jpg 300w\" sizes=\"auto, (max-width: 700px) 100vw, 700px\" \/><\/p>\n<p style=\"text-align: right;\"><img loading=\"lazy\" decoding=\"async\" class=\" size-full wp-image-59\" alt=\"vendemmia-sciacchetra06\" src=\"http:\/\/terradibargon.com\/blog\/wp-content\/uploads\/2010\/03\/vendemmia-sciacchetra06.jpg\" width=\"700\" height=\"464\" srcset=\"https:\/\/terradibargon.com\/blog\/wp-content\/uploads\/2010\/03\/vendemmia-sciacchetra06.jpg 700w, https:\/\/terradibargon.com\/blog\/wp-content\/uploads\/2010\/03\/vendemmia-sciacchetra06-324x215.jpg 324w, https:\/\/terradibargon.com\/blog\/wp-content\/uploads\/2010\/03\/vendemmia-sciacchetra06-416x276.jpg 416w, https:\/\/terradibargon.com\/blog\/wp-content\/uploads\/2010\/03\/vendemmia-sciacchetra06-300x198.jpg 300w\" sizes=\"auto, (max-width: 700px) 100vw, 700px\" \/><\/p>\n<p style=\"text-align: right;\"><img loading=\"lazy\" decoding=\"async\" class=\" size-full wp-image-60\" alt=\"vendemmia-sciacchetra07\" src=\"http:\/\/terradibargon.com\/blog\/wp-content\/uploads\/2010\/03\/vendemmia-sciacchetra07.jpg\" width=\"700\" height=\"464\" srcset=\"https:\/\/terradibargon.com\/blog\/wp-content\/uploads\/2010\/03\/vendemmia-sciacchetra07.jpg 700w, https:\/\/terradibargon.com\/blog\/wp-content\/uploads\/2010\/03\/vendemmia-sciacchetra07-324x215.jpg 324w, https:\/\/terradibargon.com\/blog\/wp-content\/uploads\/2010\/03\/vendemmia-sciacchetra07-416x276.jpg 416w, https:\/\/terradibargon.com\/blog\/wp-content\/uploads\/2010\/03\/vendemmia-sciacchetra07-300x198.jpg 300w\" sizes=\"auto, (max-width: 700px) 100vw, 700px\" \/><\/p>\n<p style=\"text-align: right;\"><img loading=\"lazy\" decoding=\"async\" class=\" size-full wp-image-61\" alt=\"vendemmia-sciacchetra08\" src=\"http:\/\/terradibargon.com\/blog\/wp-content\/uploads\/2010\/03\/vendemmia-sciacchetra08.jpg\" width=\"700\" height=\"464\" srcset=\"https:\/\/terradibargon.com\/blog\/wp-content\/uploads\/2010\/03\/vendemmia-sciacchetra08.jpg 700w, https:\/\/terradibargon.com\/blog\/wp-content\/uploads\/2010\/03\/vendemmia-sciacchetra08-324x215.jpg 324w, https:\/\/terradibargon.com\/blog\/wp-content\/uploads\/2010\/03\/vendemmia-sciacchetra08-416x276.jpg 416w, https:\/\/terradibargon.com\/blog\/wp-content\/uploads\/2010\/03\/vendemmia-sciacchetra08-300x198.jpg 300w\" sizes=\"auto, (max-width: 700px) 100vw, 700px\" \/><\/p>\n<p style=\"text-align: center;\"><img loading=\"lazy\" decoding=\"async\" class=\" size-full wp-image-62\" alt=\"vendemmia-sciacchetra09\" src=\"http:\/\/terradibargon.com\/blog\/wp-content\/uploads\/2010\/03\/vendemmia-sciacchetra09.jpg\" width=\"464\" height=\"700\" srcset=\"https:\/\/terradibargon.com\/blog\/wp-content\/uploads\/2010\/03\/vendemmia-sciacchetra09.jpg 464w, https:\/\/terradibargon.com\/blog\/wp-content\/uploads\/2010\/03\/vendemmia-sciacchetra09-324x489.jpg 324w, https:\/\/terradibargon.com\/blog\/wp-content\/uploads\/2010\/03\/vendemmia-sciacchetra09-416x628.jpg 416w, https:\/\/terradibargon.com\/blog\/wp-content\/uploads\/2010\/03\/vendemmia-sciacchetra09-198x300.jpg 198w\" sizes=\"auto, (max-width: 464px) 100vw, 464px\" \/><\/p>\n<h3><strong>Posar las uvas a marchitar:<\/strong><\/h3>\n<p>Los hermanos posan las uvas sobre unas redes en una estructura apilada. Las uvas son expuestas al viento y reparadas del sol y de la lluvia. Cuando las uvas son marchitadas al punto, despu\u00e9s de unos dos meses son recojidas y llevadas a la bodega<\/p>\n<p>&nbsp;<\/p>\n<p style=\"text-align: center;\"><img loading=\"lazy\" decoding=\"async\" class=\" size-full wp-image-63\" alt=\"vendemmia-sciacchetra10\" src=\"http:\/\/terradibargon.com\/blog\/wp-content\/uploads\/2010\/03\/vendemmia-sciacchetra10.jpg\" width=\"464\" height=\"700\" srcset=\"https:\/\/terradibargon.com\/blog\/wp-content\/uploads\/2010\/03\/vendemmia-sciacchetra10.jpg 464w, https:\/\/terradibargon.com\/blog\/wp-content\/uploads\/2010\/03\/vendemmia-sciacchetra10-324x489.jpg 324w, https:\/\/terradibargon.com\/blog\/wp-content\/uploads\/2010\/03\/vendemmia-sciacchetra10-416x628.jpg 416w, https:\/\/terradibargon.com\/blog\/wp-content\/uploads\/2010\/03\/vendemmia-sciacchetra10-198x300.jpg 198w\" sizes=\"auto, (max-width: 464px) 100vw, 464px\" \/><\/p>\n<p style=\"text-align: right;\"><img loading=\"lazy\" decoding=\"async\" class=\" size-full wp-image-64\" alt=\"vendemmia-sciacchetra11\" src=\"http:\/\/terradibargon.com\/blog\/wp-content\/uploads\/2010\/03\/vendemmia-sciacchetra11.jpg\" width=\"700\" height=\"467\" srcset=\"https:\/\/terradibargon.com\/blog\/wp-content\/uploads\/2010\/03\/vendemmia-sciacchetra11.jpg 700w, https:\/\/terradibargon.com\/blog\/wp-content\/uploads\/2010\/03\/vendemmia-sciacchetra11-324x216.jpg 324w, https:\/\/terradibargon.com\/blog\/wp-content\/uploads\/2010\/03\/vendemmia-sciacchetra11-416x278.jpg 416w, https:\/\/terradibargon.com\/blog\/wp-content\/uploads\/2010\/03\/vendemmia-sciacchetra11-300x200.jpg 300w\" sizes=\"auto, (max-width: 700px) 100vw, 700px\" \/><\/p>\n<p style=\"text-align: right;\"><img loading=\"lazy\" decoding=\"async\" class=\" size-full wp-image-65\" alt=\"vendemmia-sciacchetra12\" src=\"http:\/\/terradibargon.com\/blog\/wp-content\/uploads\/2010\/03\/vendemmia-sciacchetra12.jpg\" width=\"700\" height=\"464\" srcset=\"https:\/\/terradibargon.com\/blog\/wp-content\/uploads\/2010\/03\/vendemmia-sciacchetra12.jpg 700w, https:\/\/terradibargon.com\/blog\/wp-content\/uploads\/2010\/03\/vendemmia-sciacchetra12-324x215.jpg 324w, https:\/\/terradibargon.com\/blog\/wp-content\/uploads\/2010\/03\/vendemmia-sciacchetra12-416x276.jpg 416w, https:\/\/terradibargon.com\/blog\/wp-content\/uploads\/2010\/03\/vendemmia-sciacchetra12-300x198.jpg 300w\" sizes=\"auto, (max-width: 700px) 100vw, 700px\" \/><\/p>\n<p style=\"text-align: right;\"><img loading=\"lazy\" decoding=\"async\" class=\" size-full wp-image-66\" alt=\"vendemmia-sciacchetra13\" src=\"http:\/\/terradibargon.com\/blog\/wp-content\/uploads\/2010\/03\/vendemmia-sciacchetra13.jpg\" width=\"700\" height=\"464\" srcset=\"https:\/\/terradibargon.com\/blog\/wp-content\/uploads\/2010\/03\/vendemmia-sciacchetra13.jpg 700w, https:\/\/terradibargon.com\/blog\/wp-content\/uploads\/2010\/03\/vendemmia-sciacchetra13-324x215.jpg 324w, https:\/\/terradibargon.com\/blog\/wp-content\/uploads\/2010\/03\/vendemmia-sciacchetra13-416x276.jpg 416w, https:\/\/terradibargon.com\/blog\/wp-content\/uploads\/2010\/03\/vendemmia-sciacchetra13-300x198.jpg 300w\" sizes=\"auto, (max-width: 700px) 100vw, 700px\" \/><\/p>\n<p style=\"text-align: right;\"><img loading=\"lazy\" decoding=\"async\" class=\" size-full wp-image-67\" alt=\"vendemmia-sciacchetra14\" src=\"http:\/\/terradibargon.com\/blog\/wp-content\/uploads\/2010\/03\/vendemmia-sciacchetra14.jpg\" width=\"700\" height=\"466\" srcset=\"https:\/\/terradibargon.com\/blog\/wp-content\/uploads\/2010\/03\/vendemmia-sciacchetra14.jpg 700w, https:\/\/terradibargon.com\/blog\/wp-content\/uploads\/2010\/03\/vendemmia-sciacchetra14-324x216.jpg 324w, https:\/\/terradibargon.com\/blog\/wp-content\/uploads\/2010\/03\/vendemmia-sciacchetra14-416x277.jpg 416w, https:\/\/terradibargon.com\/blog\/wp-content\/uploads\/2010\/03\/vendemmia-sciacchetra14-300x199.jpg 300w\" sizes=\"auto, (max-width: 700px) 100vw, 700px\" \/><\/p>\n<p style=\"text-align: right;\"><img loading=\"lazy\" decoding=\"async\" class=\" size-full wp-image-68\" alt=\"vendemmia-sciacchetra15\" src=\"http:\/\/terradibargon.com\/blog\/wp-content\/uploads\/2010\/03\/vendemmia-sciacchetra15.jpg\" width=\"700\" height=\"466\" srcset=\"https:\/\/terradibargon.com\/blog\/wp-content\/uploads\/2010\/03\/vendemmia-sciacchetra15.jpg 700w, https:\/\/terradibargon.com\/blog\/wp-content\/uploads\/2010\/03\/vendemmia-sciacchetra15-324x216.jpg 324w, https:\/\/terradibargon.com\/blog\/wp-content\/uploads\/2010\/03\/vendemmia-sciacchetra15-416x277.jpg 416w, https:\/\/terradibargon.com\/blog\/wp-content\/uploads\/2010\/03\/vendemmia-sciacchetra15-300x199.jpg 300w\" sizes=\"auto, (max-width: 700px) 100vw, 700px\" \/><\/p>\n<h3><strong>Vini\ufb01car:<\/strong><\/h3>\n<p>En la bodega, sentados en circulo en frente de un gran contened\u00f3r, separan los acinos de uva con las manos uno a uno. Luego las uvas son prensadas de forma dulce y se obtiene el mosto. Se deja fermentar el mosto con las pieles de las uvas por dos semanas en contenedores de acero. Esta fermentaci\u00f3n es exclusiva del vino Sciacchert\u00e0. Terminada la primera fermentaci\u00f3n se vuelve a prensar y se deja el vino a descans\u00e1r durante por lo menos 20 meses.<br \/>\n&nbsp;<\/p>\n<p style=\"text-align: right;\"><img loading=\"lazy\" decoding=\"async\" class=\" size-full wp-image-69\" alt=\"vinificazione-sciacchetra1\" src=\"http:\/\/terradibargon.com\/blog\/wp-content\/uploads\/2010\/03\/vinificazione-sciacchetra1.jpg\" width=\"700\" height=\"525\" srcset=\"https:\/\/terradibargon.com\/blog\/wp-content\/uploads\/2010\/03\/vinificazione-sciacchetra1.jpg 700w, https:\/\/terradibargon.com\/blog\/wp-content\/uploads\/2010\/03\/vinificazione-sciacchetra1-324x243.jpg 324w, https:\/\/terradibargon.com\/blog\/wp-content\/uploads\/2010\/03\/vinificazione-sciacchetra1-416x312.jpg 416w, https:\/\/terradibargon.com\/blog\/wp-content\/uploads\/2010\/03\/vinificazione-sciacchetra1-300x225.jpg 300w\" sizes=\"auto, (max-width: 700px) 100vw, 700px\" \/><\/p>\n<p style=\"text-align: right;\"><img loading=\"lazy\" decoding=\"async\" class=\" size-full wp-image-70\" alt=\"vinificazione-sciacchetra3\" src=\"http:\/\/terradibargon.com\/blog\/wp-content\/uploads\/2010\/03\/vinificazione-sciacchetra3.jpg\" width=\"700\" height=\"525\" srcset=\"https:\/\/terradibargon.com\/blog\/wp-content\/uploads\/2010\/03\/vinificazione-sciacchetra3.jpg 700w, https:\/\/terradibargon.com\/blog\/wp-content\/uploads\/2010\/03\/vinificazione-sciacchetra3-324x243.jpg 324w, https:\/\/terradibargon.com\/blog\/wp-content\/uploads\/2010\/03\/vinificazione-sciacchetra3-416x312.jpg 416w, https:\/\/terradibargon.com\/blog\/wp-content\/uploads\/2010\/03\/vinificazione-sciacchetra3-300x225.jpg 300w\" sizes=\"auto, (max-width: 700px) 100vw, 700px\" \/><\/p>\n<p style=\"text-align: right;\"><img loading=\"lazy\" decoding=\"async\" class=\" size-full wp-image-71\" alt=\"vinificazione-sciacchetra5\" src=\"http:\/\/terradibargon.com\/blog\/wp-content\/uploads\/2010\/03\/vinificazione-sciacchetra5.jpg\" width=\"700\" height=\"525\" srcset=\"https:\/\/terradibargon.com\/blog\/wp-content\/uploads\/2010\/03\/vinificazione-sciacchetra5.jpg 700w, https:\/\/terradibargon.com\/blog\/wp-content\/uploads\/2010\/03\/vinificazione-sciacchetra5-324x243.jpg 324w, https:\/\/terradibargon.com\/blog\/wp-content\/uploads\/2010\/03\/vinificazione-sciacchetra5-416x312.jpg 416w, https:\/\/terradibargon.com\/blog\/wp-content\/uploads\/2010\/03\/vinificazione-sciacchetra5-300x225.jpg 300w\" sizes=\"auto, (max-width: 700px) 100vw, 700px\" \/><\/p>\n<p style=\"text-align: right;\"><img loading=\"lazy\" decoding=\"async\" class=\" size-full wp-image-72\" alt=\"P1010810\" src=\"http:\/\/terradibargon.com\/blog\/wp-content\/uploads\/2010\/03\/P1010810.jpg\" width=\"700\" height=\"525\" srcset=\"https:\/\/terradibargon.com\/blog\/wp-content\/uploads\/2010\/03\/P1010810.jpg 700w, https:\/\/terradibargon.com\/blog\/wp-content\/uploads\/2010\/03\/P1010810-324x243.jpg 324w, https:\/\/terradibargon.com\/blog\/wp-content\/uploads\/2010\/03\/P1010810-416x312.jpg 416w, https:\/\/terradibargon.com\/blog\/wp-content\/uploads\/2010\/03\/P1010810-300x225.jpg 300w\" sizes=\"auto, (max-width: 700px) 100vw, 700px\" \/><\/p>\n<p style=\"text-align: right;\"><img loading=\"lazy\" decoding=\"async\" class=\" size-full wp-image-73\" alt=\"vinificazione-sciacchetra4b\" src=\"http:\/\/terradibargon.com\/blog\/wp-content\/uploads\/2010\/03\/vinificazione-sciacchetra4b.jpg\" width=\"700\" height=\"525\" srcset=\"https:\/\/terradibargon.com\/blog\/wp-content\/uploads\/2010\/03\/vinificazione-sciacchetra4b.jpg 700w, https:\/\/terradibargon.com\/blog\/wp-content\/uploads\/2010\/03\/vinificazione-sciacchetra4b-324x243.jpg 324w, https:\/\/terradibargon.com\/blog\/wp-content\/uploads\/2010\/03\/vinificazione-sciacchetra4b-416x312.jpg 416w, https:\/\/terradibargon.com\/blog\/wp-content\/uploads\/2010\/03\/vinificazione-sciacchetra4b-300x225.jpg 300w\" sizes=\"auto, (max-width: 700px) 100vw, 700px\" \/><\/p>\n<p style=\"text-align: right;\"><img loading=\"lazy\" decoding=\"async\" class=\" size-full wp-image-74\" alt=\"vinificazione-sciacchetra4\" src=\"http:\/\/terradibargon.com\/blog\/wp-content\/uploads\/2010\/03\/vinificazione-sciacchetra4.jpg\" width=\"700\" height=\"525\" srcset=\"https:\/\/terradibargon.com\/blog\/wp-content\/uploads\/2010\/03\/vinificazione-sciacchetra4.jpg 700w, https:\/\/terradibargon.com\/blog\/wp-content\/uploads\/2010\/03\/vinificazione-sciacchetra4-324x243.jpg 324w, https:\/\/terradibargon.com\/blog\/wp-content\/uploads\/2010\/03\/vinificazione-sciacchetra4-416x312.jpg 416w, https:\/\/terradibargon.com\/blog\/wp-content\/uploads\/2010\/03\/vinificazione-sciacchetra4-300x225.jpg 300w\" sizes=\"auto, (max-width: 700px) 100vw, 700px\" \/><\/p>\n<p>&nbsp;<\/p>\n<p style=\"text-align: right;\">\n","protected":false},"excerpt":{"rendered":"<p>Las actividades en oto\u00f1o son: vendemmiare, stendere l&#8217;uva ad appassire sui graticci, lasciarla asciugare quanto basta, raccogliere l&#8217;uva passita, portarla in cantina e qui vinificare. Vendimia: Los hermanos eligen con antigua experiencia las mejores uvas y las llevan a Barg\u00f2n en el sitio con mejor ventilaci\u00f3n. &nbsp; &nbsp; Posar las uvas a marchitar: Los hermanos [&hellip;]<\/p>\n","protected":false},"author":1,"featured_media":2634,"parent":0,"menu_order":14,"comment_status":"open","ping_status":"open","template":"","meta":{"_monsterinsights_skip_tracking":false,"_monsterinsights_sitenote_active":false,"_monsterinsights_sitenote_note":"","_monsterinsights_sitenote_category":0,"footnotes":""},"class_list":["post-343","page","type-page","status-publish","has-post-thumbnail","hentry"],"_links":{"self":[{"href":"https:\/\/terradibargon.com\/blog\/es\/wp-json\/wp\/v2\/pages\/343","targetHints":{"allow":["GET"]}}],"collection":[{"href":"https:\/\/terradibargon.com\/blog\/es\/wp-json\/wp\/v2\/pages"}],"about":[{"href":"https:\/\/terradibargon.com\/blog\/es\/wp-json\/wp\/v2\/types\/page"}],"author":[{"embeddable":true,"href":"https:\/\/terradibargon.com\/blog\/es\/wp-json\/wp\/v2\/users\/1"}],"replies":[{"embeddable":true,"href":"https:\/\/terradibargon.com\/blog\/es\/wp-json\/wp\/v2\/comments?post=343"}],"version-history":[{"count":2,"href":"https:\/\/terradibargon.com\/blog\/es\/wp-json\/wp\/v2\/pages\/343\/revisions"}],"predecessor-version":[{"id":345,"href":"https:\/\/terradibargon.com\/blog\/es\/wp-json\/wp\/v2\/pages\/343\/revisions\/345"}],"wp:featuredmedia":[{"embeddable":true,"href":"https:\/\/terradibargon.com\/blog\/es\/wp-json\/wp\/v2\/media\/2634"}],"wp:attachment":[{"href":"https:\/\/terradibargon.com\/blog\/es\/wp-json\/wp\/v2\/media?parent=343"}],"curies":[{"name":"wp","href":"https:\/\/api.w.org\/{rel}","templated":true}]}}