{"id":356,"date":"2014-01-28T18:58:02","date_gmt":"2014-01-28T18:58:02","guid":{"rendered":"http:\/\/terradibargon.com\/blog\/?page_id=356"},"modified":"2014-01-28T18:58:02","modified_gmt":"2014-01-28T18:58:02","slug":"invierno","status":"publish","type":"page","link":"https:\/\/terradibargon.com\/blog\/es\/invierno\/","title":{"rendered":"Invierno"},"content":{"rendered":"<p><strong>El cultivo de la parra es tambi\u00e9n manutenci\u00f3n de la tierra.<br \/>\n<\/strong><\/p>\n<p>La poda empieza cuando la parra no tiene m\u00e1s hojas, dependiendo de las condiciones entre el final de Octubre y los primeros d\u00edas de Noviembre.<\/p>\n<p>Luego se tenden las estructuras de hilos que sustentan las parras, \u00ab<strong><em>stencare gli auteidi\u00bb. <\/em><\/strong>Esta operaci\u00f3n se hace de forma tradicional, con piedras atadas a un hilo metalico que son clavadas en la tierra.<\/p>\n<p>Finalmente se reliza una limpieza de la tierra, quitando las malas hierbas.<\/p>\n<p>&nbsp;<\/p>\n<p>&nbsp;<\/p>\n<p style=\"text-align: right;\">\u00a0<img loading=\"lazy\" decoding=\"async\" class=\" size-full wp-image-76\" alt=\"sciacchetra-inverno01\" src=\"http:\/\/terradibargon.com\/blog\/wp-content\/uploads\/2010\/03\/sciacchetra-inverno01.jpg\" width=\"700\" height=\"525\" srcset=\"https:\/\/terradibargon.com\/blog\/wp-content\/uploads\/2010\/03\/sciacchetra-inverno01.jpg 700w, https:\/\/terradibargon.com\/blog\/wp-content\/uploads\/2010\/03\/sciacchetra-inverno01-324x243.jpg 324w, https:\/\/terradibargon.com\/blog\/wp-content\/uploads\/2010\/03\/sciacchetra-inverno01-416x312.jpg 416w, https:\/\/terradibargon.com\/blog\/wp-content\/uploads\/2010\/03\/sciacchetra-inverno01-300x225.jpg 300w\" sizes=\"auto, (max-width: 700px) 100vw, 700px\" \/><\/p>\n<p style=\"text-align: right;\"><img loading=\"lazy\" decoding=\"async\" class=\" size-full wp-image-77\" alt=\"sciacchetra-inverno02\" src=\"http:\/\/terradibargon.com\/blog\/wp-content\/uploads\/2010\/03\/sciacchetra-inverno02.jpg\" width=\"700\" height=\"525\" srcset=\"https:\/\/terradibargon.com\/blog\/wp-content\/uploads\/2010\/03\/sciacchetra-inverno02.jpg 700w, https:\/\/terradibargon.com\/blog\/wp-content\/uploads\/2010\/03\/sciacchetra-inverno02-324x243.jpg 324w, https:\/\/terradibargon.com\/blog\/wp-content\/uploads\/2010\/03\/sciacchetra-inverno02-416x312.jpg 416w, https:\/\/terradibargon.com\/blog\/wp-content\/uploads\/2010\/03\/sciacchetra-inverno02-300x225.jpg 300w\" sizes=\"auto, (max-width: 700px) 100vw, 700px\" \/><\/p>\n<p style=\"text-align: right;\"><img loading=\"lazy\" decoding=\"async\" class=\" size-full wp-image-78\" alt=\"sciacchetra-inverno03\" src=\"http:\/\/terradibargon.com\/blog\/wp-content\/uploads\/2010\/03\/sciacchetra-inverno03.jpg\" width=\"700\" height=\"525\" srcset=\"https:\/\/terradibargon.com\/blog\/wp-content\/uploads\/2010\/03\/sciacchetra-inverno03.jpg 700w, https:\/\/terradibargon.com\/blog\/wp-content\/uploads\/2010\/03\/sciacchetra-inverno03-324x243.jpg 324w, https:\/\/terradibargon.com\/blog\/wp-content\/uploads\/2010\/03\/sciacchetra-inverno03-416x312.jpg 416w, https:\/\/terradibargon.com\/blog\/wp-content\/uploads\/2010\/03\/sciacchetra-inverno03-300x225.jpg 300w\" sizes=\"auto, (max-width: 700px) 100vw, 700px\" \/><\/p>\n<p style=\"text-align: right;\"><img loading=\"lazy\" decoding=\"async\" class=\" size-full wp-image-79\" alt=\"sciacchetra-inverno04\" src=\"http:\/\/terradibargon.com\/blog\/wp-content\/uploads\/2010\/03\/sciacchetra-inverno04.jpg\" width=\"700\" height=\"525\" srcset=\"https:\/\/terradibargon.com\/blog\/wp-content\/uploads\/2010\/03\/sciacchetra-inverno04.jpg 700w, https:\/\/terradibargon.com\/blog\/wp-content\/uploads\/2010\/03\/sciacchetra-inverno04-324x243.jpg 324w, https:\/\/terradibargon.com\/blog\/wp-content\/uploads\/2010\/03\/sciacchetra-inverno04-416x312.jpg 416w, https:\/\/terradibargon.com\/blog\/wp-content\/uploads\/2010\/03\/sciacchetra-inverno04-300x225.jpg 300w\" sizes=\"auto, (max-width: 700px) 100vw, 700px\" \/><\/p>\n<p style=\"text-align: right;\"><img loading=\"lazy\" decoding=\"async\" class=\" size-full wp-image-80\" alt=\"sciacchetra-inverno05\" src=\"http:\/\/terradibargon.com\/blog\/wp-content\/uploads\/2010\/03\/sciacchetra-inverno05.jpg\" width=\"700\" height=\"525\" srcset=\"https:\/\/terradibargon.com\/blog\/wp-content\/uploads\/2010\/03\/sciacchetra-inverno05.jpg 700w, https:\/\/terradibargon.com\/blog\/wp-content\/uploads\/2010\/03\/sciacchetra-inverno05-324x243.jpg 324w, https:\/\/terradibargon.com\/blog\/wp-content\/uploads\/2010\/03\/sciacchetra-inverno05-416x312.jpg 416w, https:\/\/terradibargon.com\/blog\/wp-content\/uploads\/2010\/03\/sciacchetra-inverno05-300x225.jpg 300w\" sizes=\"auto, (max-width: 700px) 100vw, 700px\" \/><\/p>\n<p style=\"text-align: right;\"><img loading=\"lazy\" decoding=\"async\" class=\" size-full wp-image-81\" alt=\"sciacchetra-inverno06\" src=\"http:\/\/terradibargon.com\/blog\/wp-content\/uploads\/2010\/03\/sciacchetra-inverno06.jpg\" width=\"700\" height=\"525\" srcset=\"https:\/\/terradibargon.com\/blog\/wp-content\/uploads\/2010\/03\/sciacchetra-inverno06.jpg 700w, https:\/\/terradibargon.com\/blog\/wp-content\/uploads\/2010\/03\/sciacchetra-inverno06-324x243.jpg 324w, https:\/\/terradibargon.com\/blog\/wp-content\/uploads\/2010\/03\/sciacchetra-inverno06-416x312.jpg 416w, https:\/\/terradibargon.com\/blog\/wp-content\/uploads\/2010\/03\/sciacchetra-inverno06-300x225.jpg 300w\" sizes=\"auto, (max-width: 700px) 100vw, 700px\" \/><\/p>\n<p style=\"text-align: right;\"><img loading=\"lazy\" decoding=\"async\" class=\" size-full wp-image-82\" alt=\"sciacchetra-inverno07\" src=\"http:\/\/terradibargon.com\/blog\/wp-content\/uploads\/2010\/03\/sciacchetra-inverno07.jpg\" width=\"700\" height=\"525\" srcset=\"https:\/\/terradibargon.com\/blog\/wp-content\/uploads\/2010\/03\/sciacchetra-inverno07.jpg 700w, https:\/\/terradibargon.com\/blog\/wp-content\/uploads\/2010\/03\/sciacchetra-inverno07-324x243.jpg 324w, https:\/\/terradibargon.com\/blog\/wp-content\/uploads\/2010\/03\/sciacchetra-inverno07-416x312.jpg 416w, https:\/\/terradibargon.com\/blog\/wp-content\/uploads\/2010\/03\/sciacchetra-inverno07-300x225.jpg 300w\" sizes=\"auto, (max-width: 700px) 100vw, 700px\" \/><\/p>\n<p style=\"text-align: right;\"><img loading=\"lazy\" decoding=\"async\" class=\" size-full wp-image-83\" alt=\"sciacchetra-inverno10\" src=\"http:\/\/terradibargon.com\/blog\/wp-content\/uploads\/2010\/03\/sciacchetra-inverno10.jpg\" width=\"438\" height=\"700\" srcset=\"https:\/\/terradibargon.com\/blog\/wp-content\/uploads\/2010\/03\/sciacchetra-inverno10.jpg 438w, https:\/\/terradibargon.com\/blog\/wp-content\/uploads\/2010\/03\/sciacchetra-inverno10-324x518.jpg 324w, https:\/\/terradibargon.com\/blog\/wp-content\/uploads\/2010\/03\/sciacchetra-inverno10-416x665.jpg 416w, https:\/\/terradibargon.com\/blog\/wp-content\/uploads\/2010\/03\/sciacchetra-inverno10-187x300.jpg 187w\" sizes=\"auto, (max-width: 438px) 100vw, 438px\" \/><\/p>\n<p style=\"text-align: right;\"><img loading=\"lazy\" decoding=\"async\" class=\" size-full wp-image-84\" alt=\"sciacchetra-inverno08\" src=\"http:\/\/terradibargon.com\/blog\/wp-content\/uploads\/2010\/03\/sciacchetra-inverno08.jpg\" width=\"700\" height=\"525\" srcset=\"https:\/\/terradibargon.com\/blog\/wp-content\/uploads\/2010\/03\/sciacchetra-inverno08.jpg 700w, https:\/\/terradibargon.com\/blog\/wp-content\/uploads\/2010\/03\/sciacchetra-inverno08-324x243.jpg 324w, https:\/\/terradibargon.com\/blog\/wp-content\/uploads\/2010\/03\/sciacchetra-inverno08-416x312.jpg 416w, https:\/\/terradibargon.com\/blog\/wp-content\/uploads\/2010\/03\/sciacchetra-inverno08-300x225.jpg 300w\" sizes=\"auto, (max-width: 700px) 100vw, 700px\" \/><\/p>\n<p style=\"text-align: right;\"><img loading=\"lazy\" decoding=\"async\" class=\" size-full wp-image-85\" alt=\"sciacchetra-inverno09\" src=\"http:\/\/terradibargon.com\/blog\/wp-content\/uploads\/2010\/03\/sciacchetra-inverno09.jpg\" width=\"577\" height=\"700\" srcset=\"https:\/\/terradibargon.com\/blog\/wp-content\/uploads\/2010\/03\/sciacchetra-inverno09.jpg 577w, https:\/\/terradibargon.com\/blog\/wp-content\/uploads\/2010\/03\/sciacchetra-inverno09-324x393.jpg 324w, https:\/\/terradibargon.com\/blog\/wp-content\/uploads\/2010\/03\/sciacchetra-inverno09-416x505.jpg 416w, https:\/\/terradibargon.com\/blog\/wp-content\/uploads\/2010\/03\/sciacchetra-inverno09-247x300.jpg 247w\" sizes=\"auto, (max-width: 577px) 100vw, 577px\" \/><\/p>\n<p style=\"text-align: right;\"><img loading=\"lazy\" decoding=\"async\" class=\" size-full wp-image-86\" alt=\"sciacchetra-inverno11\" src=\"http:\/\/terradibargon.com\/blog\/wp-content\/uploads\/2010\/03\/sciacchetra-inverno11.jpg\" width=\"700\" height=\"697\" srcset=\"https:\/\/terradibargon.com\/blog\/wp-content\/uploads\/2010\/03\/sciacchetra-inverno11.jpg 700w, https:\/\/terradibargon.com\/blog\/wp-content\/uploads\/2010\/03\/sciacchetra-inverno11-324x323.jpg 324w, https:\/\/terradibargon.com\/blog\/wp-content\/uploads\/2010\/03\/sciacchetra-inverno11-100x100.jpg 100w, https:\/\/terradibargon.com\/blog\/wp-content\/uploads\/2010\/03\/sciacchetra-inverno11-416x414.jpg 416w, https:\/\/terradibargon.com\/blog\/wp-content\/uploads\/2010\/03\/sciacchetra-inverno11-150x150.jpg 150w, https:\/\/terradibargon.com\/blog\/wp-content\/uploads\/2010\/03\/sciacchetra-inverno11-300x298.jpg 300w\" sizes=\"auto, (max-width: 700px) 100vw, 700px\" \/><\/p>\n<p style=\"text-align: right;\"><img loading=\"lazy\" decoding=\"async\" class=\" size-full wp-image-87\" alt=\"sciacchetra-inverno12\" src=\"http:\/\/terradibargon.com\/blog\/wp-content\/uploads\/2010\/03\/sciacchetra-inverno12.jpg\" width=\"465\" height=\"700\" srcset=\"https:\/\/terradibargon.com\/blog\/wp-content\/uploads\/2010\/03\/sciacchetra-inverno12.jpg 465w, https:\/\/terradibargon.com\/blog\/wp-content\/uploads\/2010\/03\/sciacchetra-inverno12-324x488.jpg 324w, https:\/\/terradibargon.com\/blog\/wp-content\/uploads\/2010\/03\/sciacchetra-inverno12-416x626.jpg 416w, https:\/\/terradibargon.com\/blog\/wp-content\/uploads\/2010\/03\/sciacchetra-inverno12-199x300.jpg 199w\" sizes=\"auto, (max-width: 465px) 100vw, 465px\" \/><\/p>\n<p style=\"text-align: right;\"><img loading=\"lazy\" decoding=\"async\" class=\" size-full wp-image-88\" alt=\"sciacchetra-inverno13\" src=\"http:\/\/terradibargon.com\/blog\/wp-content\/uploads\/2010\/03\/sciacchetra-inverno13.jpg\" width=\"700\" height=\"525\" srcset=\"https:\/\/terradibargon.com\/blog\/wp-content\/uploads\/2010\/03\/sciacchetra-inverno13.jpg 700w, https:\/\/terradibargon.com\/blog\/wp-content\/uploads\/2010\/03\/sciacchetra-inverno13-324x243.jpg 324w, https:\/\/terradibargon.com\/blog\/wp-content\/uploads\/2010\/03\/sciacchetra-inverno13-416x312.jpg 416w, https:\/\/terradibargon.com\/blog\/wp-content\/uploads\/2010\/03\/sciacchetra-inverno13-300x225.jpg 300w\" sizes=\"auto, (max-width: 700px) 100vw, 700px\" \/><\/p>\n<p style=\"text-align: right;\"><img loading=\"lazy\" decoding=\"async\" class=\" size-full wp-image-89\" alt=\"sciacchetra-inverno14\" src=\"http:\/\/terradibargon.com\/blog\/wp-content\/uploads\/2010\/03\/sciacchetra-inverno14.jpg\" width=\"700\" height=\"525\" srcset=\"https:\/\/terradibargon.com\/blog\/wp-content\/uploads\/2010\/03\/sciacchetra-inverno14.jpg 700w, https:\/\/terradibargon.com\/blog\/wp-content\/uploads\/2010\/03\/sciacchetra-inverno14-324x243.jpg 324w, https:\/\/terradibargon.com\/blog\/wp-content\/uploads\/2010\/03\/sciacchetra-inverno14-416x312.jpg 416w, https:\/\/terradibargon.com\/blog\/wp-content\/uploads\/2010\/03\/sciacchetra-inverno14-300x225.jpg 300w\" sizes=\"auto, (max-width: 700px) 100vw, 700px\" \/><\/p>\n<p style=\"text-align: right;\"><img loading=\"lazy\" decoding=\"async\" class=\" size-full wp-image-90\" alt=\"sciacchetra-inverno15\" src=\"http:\/\/terradibargon.com\/blog\/wp-content\/uploads\/2010\/03\/sciacchetra-inverno15.jpg\" width=\"700\" height=\"525\" srcset=\"https:\/\/terradibargon.com\/blog\/wp-content\/uploads\/2010\/03\/sciacchetra-inverno15.jpg 700w, https:\/\/terradibargon.com\/blog\/wp-content\/uploads\/2010\/03\/sciacchetra-inverno15-324x243.jpg 324w, https:\/\/terradibargon.com\/blog\/wp-content\/uploads\/2010\/03\/sciacchetra-inverno15-416x312.jpg 416w, https:\/\/terradibargon.com\/blog\/wp-content\/uploads\/2010\/03\/sciacchetra-inverno15-300x225.jpg 300w\" sizes=\"auto, (max-width: 700px) 100vw, 700px\" \/><\/p>\n<p>&nbsp;<\/p>\n","protected":false},"excerpt":{"rendered":"<p>El cultivo de la parra es tambi\u00e9n manutenci\u00f3n de la tierra. La poda empieza cuando la parra no tiene m\u00e1s hojas, dependiendo de las condiciones entre el final de Octubre y los primeros d\u00edas de Noviembre. Luego se tenden las estructuras de hilos que sustentan las parras, \u00abstencare gli auteidi\u00bb. Esta operaci\u00f3n se hace de [&hellip;]<\/p>\n","protected":false},"author":1,"featured_media":2718,"parent":0,"menu_order":13,"comment_status":"open","ping_status":"open","template":"","meta":{"_monsterinsights_skip_tracking":false,"_monsterinsights_sitenote_active":false,"_monsterinsights_sitenote_note":"","_monsterinsights_sitenote_category":0,"footnotes":""},"class_list":["post-356","page","type-page","status-publish","has-post-thumbnail","hentry"],"_links":{"self":[{"href":"https:\/\/terradibargon.com\/blog\/es\/wp-json\/wp\/v2\/pages\/356","targetHints":{"allow":["GET"]}}],"collection":[{"href":"https:\/\/terradibargon.com\/blog\/es\/wp-json\/wp\/v2\/pages"}],"about":[{"href":"https:\/\/terradibargon.com\/blog\/es\/wp-json\/wp\/v2\/types\/page"}],"author":[{"embeddable":true,"href":"https:\/\/terradibargon.com\/blog\/es\/wp-json\/wp\/v2\/users\/1"}],"replies":[{"embeddable":true,"href":"https:\/\/terradibargon.com\/blog\/es\/wp-json\/wp\/v2\/comments?post=356"}],"version-history":[{"count":1,"href":"https:\/\/terradibargon.com\/blog\/es\/wp-json\/wp\/v2\/pages\/356\/revisions"}],"predecessor-version":[{"id":357,"href":"https:\/\/terradibargon.com\/blog\/es\/wp-json\/wp\/v2\/pages\/356\/revisions\/357"}],"wp:featuredmedia":[{"embeddable":true,"href":"https:\/\/terradibargon.com\/blog\/es\/wp-json\/wp\/v2\/media\/2718"}],"wp:attachment":[{"href":"https:\/\/terradibargon.com\/blog\/es\/wp-json\/wp\/v2\/media?parent=356"}],"curies":[{"name":"wp","href":"https:\/\/api.w.org\/{rel}","templated":true}]}}