{"id":364,"date":"2014-01-28T19:03:11","date_gmt":"2014-01-28T19:03:11","guid":{"rendered":"http:\/\/terradibargon.com\/blog\/?page_id=364"},"modified":"2014-01-28T19:03:11","modified_gmt":"2014-01-28T19:03:11","slug":"primavera-2","status":"publish","type":"page","link":"https:\/\/terradibargon.com\/blog\/es\/primavera-2\/","title":{"rendered":"Primavera"},"content":{"rendered":"<p>En este periodo del a\u00f1o se abona y amparan las parras. Los tratamientos de prevenci\u00f3n se hacen utilizando el menor numero de productos. Esta operaci\u00f3n es realizada de acuerdo con el ayudo de un experto.<\/p>\n<p>En esta epoca se arreglan las terazas \u00ab<em>Terrazzamenti<\/em>\u00bb hechas con piedras \u00ab<em>muretti a secco<\/em>\u00bb que necesitan un cuidado cada a\u00f1o.<\/p>\n<p>&nbsp;<\/p>\n<p style=\"text-align: right;\"><img loading=\"lazy\" decoding=\"async\" class=\" size-full wp-image-92\" alt=\"primavera-sciacchetra1\" src=\"http:\/\/terradibargon.com\/blog\/wp-content\/uploads\/2010\/03\/primavera-sciacchetra1.jpg\" width=\"700\" height=\"525\" srcset=\"https:\/\/terradibargon.com\/blog\/wp-content\/uploads\/2010\/03\/primavera-sciacchetra1.jpg 700w, https:\/\/terradibargon.com\/blog\/wp-content\/uploads\/2010\/03\/primavera-sciacchetra1-324x243.jpg 324w, https:\/\/terradibargon.com\/blog\/wp-content\/uploads\/2010\/03\/primavera-sciacchetra1-416x312.jpg 416w, https:\/\/terradibargon.com\/blog\/wp-content\/uploads\/2010\/03\/primavera-sciacchetra1-300x225.jpg 300w\" sizes=\"auto, (max-width: 700px) 100vw, 700px\" \/><\/p>\n<p style=\"text-align: right;\"><img loading=\"lazy\" decoding=\"async\" class=\" size-full wp-image-93\" alt=\"sciacchetra-muretti-secco1\" src=\"http:\/\/terradibargon.com\/blog\/wp-content\/uploads\/2010\/03\/sciacchetra-muretti-secco1.jpg\" width=\"464\" height=\"700\" srcset=\"https:\/\/terradibargon.com\/blog\/wp-content\/uploads\/2010\/03\/sciacchetra-muretti-secco1.jpg 464w, https:\/\/terradibargon.com\/blog\/wp-content\/uploads\/2010\/03\/sciacchetra-muretti-secco1-324x489.jpg 324w, https:\/\/terradibargon.com\/blog\/wp-content\/uploads\/2010\/03\/sciacchetra-muretti-secco1-416x628.jpg 416w, https:\/\/terradibargon.com\/blog\/wp-content\/uploads\/2010\/03\/sciacchetra-muretti-secco1-198x300.jpg 198w\" sizes=\"auto, (max-width: 464px) 100vw, 464px\" \/><\/p>\n<p style=\"text-align: right;\"><img loading=\"lazy\" decoding=\"async\" class=\" size-full wp-image-94\" alt=\"sciacchetra-muretti-secco2\" src=\"http:\/\/terradibargon.com\/blog\/wp-content\/uploads\/2010\/03\/sciacchetra-muretti-secco2.jpg\" width=\"700\" height=\"464\" srcset=\"https:\/\/terradibargon.com\/blog\/wp-content\/uploads\/2010\/03\/sciacchetra-muretti-secco2.jpg 700w, https:\/\/terradibargon.com\/blog\/wp-content\/uploads\/2010\/03\/sciacchetra-muretti-secco2-324x215.jpg 324w, https:\/\/terradibargon.com\/blog\/wp-content\/uploads\/2010\/03\/sciacchetra-muretti-secco2-416x276.jpg 416w, https:\/\/terradibargon.com\/blog\/wp-content\/uploads\/2010\/03\/sciacchetra-muretti-secco2-300x198.jpg 300w\" sizes=\"auto, (max-width: 700px) 100vw, 700px\" \/><\/p>\n<p style=\"text-align: right;\"><img loading=\"lazy\" decoding=\"async\" class=\" size-full wp-image-95\" alt=\"sciacchetra-muretti-secco4\" src=\"http:\/\/terradibargon.com\/blog\/wp-content\/uploads\/2010\/03\/sciacchetra-muretti-secco4.jpg\" width=\"464\" height=\"700\" srcset=\"https:\/\/terradibargon.com\/blog\/wp-content\/uploads\/2010\/03\/sciacchetra-muretti-secco4.jpg 464w, https:\/\/terradibargon.com\/blog\/wp-content\/uploads\/2010\/03\/sciacchetra-muretti-secco4-324x489.jpg 324w, https:\/\/terradibargon.com\/blog\/wp-content\/uploads\/2010\/03\/sciacchetra-muretti-secco4-416x628.jpg 416w, https:\/\/terradibargon.com\/blog\/wp-content\/uploads\/2010\/03\/sciacchetra-muretti-secco4-198x300.jpg 198w\" sizes=\"auto, (max-width: 464px) 100vw, 464px\" \/><\/p>\n","protected":false},"excerpt":{"rendered":"<p>En este periodo del a\u00f1o se abona y amparan las parras. Los tratamientos de prevenci\u00f3n se hacen utilizando el menor numero de productos. Esta operaci\u00f3n es realizada de acuerdo con el ayudo de un experto. En esta epoca se arreglan las terazas \u00abTerrazzamenti\u00bb hechas con piedras \u00abmuretti a secco\u00bb que necesitan un cuidado cada a\u00f1o. [&hellip;]<\/p>\n","protected":false},"author":1,"featured_media":0,"parent":0,"menu_order":12,"comment_status":"open","ping_status":"open","template":"","meta":{"_monsterinsights_skip_tracking":false,"_monsterinsights_sitenote_active":false,"_monsterinsights_sitenote_note":"","_monsterinsights_sitenote_category":0,"footnotes":""},"class_list":["post-364","page","type-page","status-publish","hentry"],"_links":{"self":[{"href":"https:\/\/terradibargon.com\/blog\/es\/wp-json\/wp\/v2\/pages\/364","targetHints":{"allow":["GET"]}}],"collection":[{"href":"https:\/\/terradibargon.com\/blog\/es\/wp-json\/wp\/v2\/pages"}],"about":[{"href":"https:\/\/terradibargon.com\/blog\/es\/wp-json\/wp\/v2\/types\/page"}],"author":[{"embeddable":true,"href":"https:\/\/terradibargon.com\/blog\/es\/wp-json\/wp\/v2\/users\/1"}],"replies":[{"embeddable":true,"href":"https:\/\/terradibargon.com\/blog\/es\/wp-json\/wp\/v2\/comments?post=364"}],"version-history":[{"count":1,"href":"https:\/\/terradibargon.com\/blog\/es\/wp-json\/wp\/v2\/pages\/364\/revisions"}],"predecessor-version":[{"id":365,"href":"https:\/\/terradibargon.com\/blog\/es\/wp-json\/wp\/v2\/pages\/364\/revisions\/365"}],"wp:attachment":[{"href":"https:\/\/terradibargon.com\/blog\/es\/wp-json\/wp\/v2\/media?parent=364"}],"curies":[{"name":"wp","href":"https:\/\/api.w.org\/{rel}","templated":true}]}}