{"id":470,"date":"2014-01-29T18:32:34","date_gmt":"2014-01-29T18:32:34","guid":{"rendered":"http:\/\/terradibargon.com\/blog\/?page_id=470"},"modified":"2023-04-04T17:52:18","modified_gmt":"2023-04-04T17:52:18","slug":"la-bodega-en-riomaggiore","status":"publish","type":"page","link":"https:\/\/terradibargon.com\/blog\/es\/la-bodega-en-riomaggiore\/","title":{"rendered":"Reservar una degustaci\u00f3n"},"content":{"rendered":"\n<p><\/p>\n\n\n\n<p><strong>Se requiere Green Pass<\/strong><\/p>\n\n\n\n<p><em>Abrimos la bodega con reserva \u00fanicamente enviando el formulario de solicitud que encontrar\u00e1s m\u00e1s abajo. En el formulario por favor indica en qu\u00e9 opci\u00f3n est\u00e1s interesado: las dos opciones se describen en detalle a continuaci\u00f3n. <\/em><\/p>\n\n\n\n<h4 class=\"wp-block-heading\">Opci\u00f3n 1: Visita a las terrazas de Barg\u00f2n y posterior degustaci\u00f3n en bodega.<\/h4>\n\n\n\n<p>Una visita a los vi\u00f1edos donde crece la uva con la que elaboramos nuestro Sciacchetr\u00e0. A la llegada, bienvenida &#8211; encuentro con agua fresca y vistas. Luego Roberto te guiar\u00e1 en las terrazas mostrando las actividades que se realizan durante el per\u00edodo de visita.<\/p>\n\n\n\n<p>Es necesario llegar a la entrada a las terrazas de forma independiente, llevar calzado adecuado para un camino de tierra cuesta arriba. Desde Lavaccio se tarda unos 15\/20 minutos en subir. Despu\u00e9s de la visita, la vuelta a Riomaggiore por el mismo camino, siempre de forma independiente. \u00a1Una peque\u00f1a aventura!<\/p>\n\n\n\n<p>Esta propuesta incluye, despu\u00e9s, una reuni\u00f3n en la bodega para la degustaci\u00f3n como se describe en la opci\u00f3n 2.\r\ntiempo total alrededor de 2 horas y 30 minutos<\/p>\n\n\n\n<p>Para llegar a nosotros: Haga clic en este <a href=\"https:\/\/vimeo.com\/176835053\"> link<\/a> &nbsp;para ver el video y averiguar c\u00f3mo llegar a las terrazas desde la estaci\u00f3n de Riomaggiore. O haga clic aqu\u00ed para encontrar la ubicaci\u00f3n exacta en <a href=\"https:\/\/www.google.com\/maps\/place\/44%C2%B006'05.2%22N+9%C2%B045'03.6%22E\/@44.1014356,9.7504343,194m\/data=!3m1!1e3!4m14!1m7!3m6!1s0x12d4fa8971ac8b07:0x119e0fb487f86580!2s19017+Riomaggiore+SP,+Italy!3b1!8m2!3d44.0990492!4d9.7374851!3m5!1s0x0:0x0!7e2!8m2!3d44.1014359!4d9.7509934\" target=\"_blank\" rel=\"noreferrer noopener\">Google Maps<\/a>.<\/p>\n\n\n\n<p class=\"has-text-align-center\">horario de verano entre las 6pm y las 7pm<\/p>\n\n\n\n<p class=\"has-text-align-center\">Dos visitas al vi\u00f1edo con degustaci\u00f3n en bodega + una botella de Sciacchetr\u00e0, 130 \u20ac\r\nCuatro visitantes a la vi\u00f1a con degustaci\u00f3n en bodega + una botella de Sciacchetr\u00e0, 190\u20ac\r\nCuatro visitantes al vi\u00f1edo con degustaci\u00f3n en bodega, 160 \u20ac\r\nDe cinco a ocho visitantes a la vi\u00f1a con cata 35\u20ac cada uno (30\u20ac si es familiar)<\/p>\n\n\n\n<p class=\"has-text-align-center\">(Pago al contado)<span style=\"color: #ff6600;\">\r\n<\/span><\/p>\n\n\n\n<h4 class=\"wp-block-heading\">&nbsp;<\/h4>\n\n\n\n<h4 class=\"wp-block-heading\"> Opci\u00f3n 2: Visita solo en bodega con degustaci\u00f3n:<\/h4>\n\n\n\n<p>Puedes visitar la bodega y degustar el Sciacchetr\u00e0 Terra di Barg\u00f2n. Durante la reuni\u00f3n en la bodega, en via Gramsci 11 en Riomaggiore, Roberto cuenta la historia de Barg\u00f2n y c\u00f3mo produce este precioso passito con sus hermanos.<\/p>\n\n\n\n<p>Se mostrar\u00e1n videos y fotograf\u00edas que relatan el ciclo de producci\u00f3n de este vino, se aceptan consultas. Durante la presentaci\u00f3n habr\u00e1 una degustaci\u00f3n y venta de Cinque Terre Sciacchetr\u00e0 doc. la degustaci\u00f3n se acompa\u00f1a con queso de cabra a\u00f1ejo.<\/p>\n\n\n\n<p>Tiempo estimado: unos 45 minutos.<\/p>\n\n\n\n<p>Haga clic en este <a href=\"https:\/\/vimeo.com\/176835052\">link<\/a> para ver el video que explica c\u00f3mo llegar a la bodega desde la estaci\u00f3n de Riomaggiore. O haga clic a<a href=\"https:\/\/www.google.com\/maps\/place\/Terra+di+Barg%C3%B2n\/@44.0990998,9.7386213,131m\/data=!3m1!1e3!4m5!3m4!1s0x12d4fa890a9f9b27:0x5f2074fddae17672!8m2!3d44.0991823!4d9.7385062?shorturl=1\">qui<\/a> para ver la ubicaci\u00f3n de la bodega en Google Maps<\/p>\n\n\n\n<p class=\"has-text-align-center\">horario de verano entre las 6pm y las 7pm<\/p>\n\n\n\n<p class=\"has-text-align-center\"><span style=\"color: #ff6600;\">Dos catas + una botella de Sciacchetr\u00e0, 100\u20ac\r\nCuatro degustaciones + una botella de Sciacchetr\u00e0 150 \u20ac\r\nCuatro catas 120 \u20ac\r\nDe cinco a ocho catas 25\u20ac cada una<\/span><\/p>\n\n\n\n<p class=\"has-text-align-center\">(Pago al contado)<\/p>\n\n\n\n<p><span style=\"color: #ff9900;\">&nbsp;<\/span><\/p>\n\n\n\n<div class=\"wp-block-buttons is-horizontal is-content-justification-center is-layout-flex wp-container-core-buttons-is-layout-499968f5 wp-block-buttons-is-layout-flex\">\n<div class=\"wp-block-button\"><a class=\"wp-block-button__link has-white-color has-luminous-vivid-orange-background-color has-text-color has-background\" href=\"https:\/\/terradibargon.com\/blog\/come-raggiungerci\/\">Como llegar<\/a><\/div>\n<\/div>\n\n\n\n<h3 class=\"wp-block-heading\"><span style=\"color: #ff6600;\">Come prenotare una degustazione:<\/span><\/h3>\n\n\n\n<p>La bodega abre solo con cita previa, complete el formulario a continuaci\u00f3n para indicar la opci\u00f3n elegida y su preferencia para la fecha. (La otra informaci\u00f3n solicitada en el formulario es particularmente \u00fatil para los visitantes extranjeros que se pierden f\u00e1cilmente) Las reuniones se pueden realizar todos los d\u00edas.<\/p>\n\n\n\n<p class=\"has-text-align-left\"><span style=\"color: #ff6600;\">La reserva debe ser confirmada el d\u00eda anterior, por tel\u00e9fono, sms o email. por favor especifique su preferencia.<\/span><\/p>\n\n\n\n<h3 class=\"wp-block-heading\">Rellena el formulario y nos pondremos en contacto contigo para confirmar tu reserva<\/h3>\n\n\n\n<!-- Calendly link widget begin -->\n<link href=\"https:\/\/assets.calendly.com\/assets\/external\/widget.css\" rel=\"stylesheet\">\n<script src=\"https:\/\/assets.calendly.com\/assets\/external\/widget.js\" type=\"text\/javascript\" async><\/script>\n<a href=\"\" onclick=\"Calendly.initPopupWidget({url: 'https:\/\/calendly.com\/terra-di-bargon\/wine-tasting-and-visit-terra-di-bargon?hide_gdpr_banner=1'});return false;\">Reserva tu visita<\/a>\n<!-- Calendly link widget end -->\n\n\n\n<p><\/p>\n\n\n\n<p><\/p>\n\n\n\n<div class=\"wp-block-image\"><figure class=\"aligncenter is-resized\"><img loading=\"lazy\" decoding=\"async\" src=\"http:\/\/terradibargon.com\/blog\/wp-content\/uploads\/2014\/01\/Sciacchetra_0038.jpg\" alt=\"Sciacchetra_0038\" class=\"wp-image-1087\" width=\"890\" height=\"220\" srcset=\"https:\/\/terradibargon.com\/blog\/wp-content\/uploads\/2014\/01\/Sciacchetra_0038.jpg 890w, https:\/\/terradibargon.com\/blog\/wp-content\/uploads\/2014\/01\/Sciacchetra_0038-324x80.jpg 324w, https:\/\/terradibargon.com\/blog\/wp-content\/uploads\/2014\/01\/Sciacchetra_0038-416x103.jpg 416w, https:\/\/terradibargon.com\/blog\/wp-content\/uploads\/2014\/01\/Sciacchetra_0038-300x74.jpg 300w\" sizes=\"auto, (max-width: 890px) 100vw, 890px\" \/><\/figure><\/div>\n","protected":false},"excerpt":{"rendered":"<p>Se requiere Green Pass Abrimos la bodega con reserva \u00fanicamente enviando el formulario de solicitud que encontrar\u00e1s m\u00e1s abajo. En el formulario por favor indica en qu\u00e9 opci\u00f3n est\u00e1s interesado: las dos opciones se describen en detalle a continuaci\u00f3n. Opci\u00f3n 1: Visita a las terrazas de Barg\u00f2n y posterior degustaci\u00f3n en bodega. Una visita a [&hellip;]<\/p>\n","protected":false},"author":1,"featured_media":0,"parent":0,"menu_order":0,"comment_status":"closed","ping_status":"open","template":"","meta":{"_monsterinsights_skip_tracking":false,"_monsterinsights_sitenote_active":false,"_monsterinsights_sitenote_note":"","_monsterinsights_sitenote_category":0,"footnotes":""},"class_list":["post-470","page","type-page","status-publish","hentry"],"_links":{"self":[{"href":"https:\/\/terradibargon.com\/blog\/es\/wp-json\/wp\/v2\/pages\/470","targetHints":{"allow":["GET"]}}],"collection":[{"href":"https:\/\/terradibargon.com\/blog\/es\/wp-json\/wp\/v2\/pages"}],"about":[{"href":"https:\/\/terradibargon.com\/blog\/es\/wp-json\/wp\/v2\/types\/page"}],"author":[{"embeddable":true,"href":"https:\/\/terradibargon.com\/blog\/es\/wp-json\/wp\/v2\/users\/1"}],"replies":[{"embeddable":true,"href":"https:\/\/terradibargon.com\/blog\/es\/wp-json\/wp\/v2\/comments?post=470"}],"version-history":[{"count":6,"href":"https:\/\/terradibargon.com\/blog\/es\/wp-json\/wp\/v2\/pages\/470\/revisions"}],"predecessor-version":[{"id":6865,"href":"https:\/\/terradibargon.com\/blog\/es\/wp-json\/wp\/v2\/pages\/470\/revisions\/6865"}],"wp:attachment":[{"href":"https:\/\/terradibargon.com\/blog\/es\/wp-json\/wp\/v2\/media?parent=470"}],"curies":[{"name":"wp","href":"https:\/\/api.w.org\/{rel}","templated":true}]}}