{"id":484,"date":"2014-01-30T12:26:33","date_gmt":"2014-01-30T12:26:33","guid":{"rendered":"http:\/\/terradibargon.com\/blog\/?page_id=484"},"modified":"2014-01-30T12:26:33","modified_gmt":"2014-01-30T12:26:33","slug":"como-adquirir-nuestro-sciacchetra","status":"publish","type":"page","link":"https:\/\/terradibargon.com\/blog\/es\/como-adquirir-nuestro-sciacchetra\/","title":{"rendered":"Como adquirir nuestro Sciacchetr\u00e0"},"content":{"rendered":"<p><img loading=\"lazy\" decoding=\"async\" class=\"alignleft\" alt=\"buy sciacchetra\" src=\"http:\/\/terradibargon.com\/blog\/wp-content\/uploads\/2012\/10\/bottiglie1.jpg\" width=\"266\" height=\"400\" \/>Adem\u00e1s de la venta directa en la cantina, lo Sciacchetr\u00e0 Terra di Barg\u00f2n puede ser adquirido enviando un pedido por correo electr\u00f3nico, el vino ser\u00e1 entregado en Italia y Europa.<\/p>\n<p>Para todas las informaciones pone en contacto. En el mensaje indica por favor tu nombre, apellido y numero de tel\u00e9fono. Contestaremos en seguida.<\/p>\n<p>Tambi\u00e9n puedes llamar<\/p>\n<p>Alessandra +39 335 6997268<\/p>\n<p>Roberto \u00a0 \u00a0 \u00a0+39 333 4480652<\/p>\n<p>&nbsp;<\/p>\n","protected":false},"excerpt":{"rendered":"<p>Adem\u00e1s de la venta directa en la cantina, lo Sciacchetr\u00e0 Terra di Barg\u00f2n puede ser adquirido enviando un pedido por correo electr\u00f3nico, el vino ser\u00e1 entregado en Italia y Europa. Para todas las informaciones pone en contacto. En el mensaje indica por favor tu nombre, apellido y numero de tel\u00e9fono. Contestaremos en seguida. Tambi\u00e9n puedes [&hellip;]<\/p>\n","protected":false},"author":1,"featured_media":0,"parent":0,"menu_order":10,"comment_status":"closed","ping_status":"closed","template":"","meta":{"_monsterinsights_skip_tracking":false,"_monsterinsights_sitenote_active":false,"_monsterinsights_sitenote_note":"","_monsterinsights_sitenote_category":0,"footnotes":""},"class_list":["post-484","page","type-page","status-publish","hentry"],"_links":{"self":[{"href":"https:\/\/terradibargon.com\/blog\/es\/wp-json\/wp\/v2\/pages\/484","targetHints":{"allow":["GET"]}}],"collection":[{"href":"https:\/\/terradibargon.com\/blog\/es\/wp-json\/wp\/v2\/pages"}],"about":[{"href":"https:\/\/terradibargon.com\/blog\/es\/wp-json\/wp\/v2\/types\/page"}],"author":[{"embeddable":true,"href":"https:\/\/terradibargon.com\/blog\/es\/wp-json\/wp\/v2\/users\/1"}],"replies":[{"embeddable":true,"href":"https:\/\/terradibargon.com\/blog\/es\/wp-json\/wp\/v2\/comments?post=484"}],"version-history":[{"count":1,"href":"https:\/\/terradibargon.com\/blog\/es\/wp-json\/wp\/v2\/pages\/484\/revisions"}],"predecessor-version":[{"id":485,"href":"https:\/\/terradibargon.com\/blog\/es\/wp-json\/wp\/v2\/pages\/484\/revisions\/485"}],"wp:attachment":[{"href":"https:\/\/terradibargon.com\/blog\/es\/wp-json\/wp\/v2\/media?parent=484"}],"curies":[{"name":"wp","href":"https:\/\/api.w.org\/{rel}","templated":true}]}}