{"id":522,"date":"2014-01-30T17:05:08","date_gmt":"2014-01-30T17:05:08","guid":{"rendered":"http:\/\/terradibargon.com\/blog\/?page_id=522"},"modified":"2014-01-30T17:05:08","modified_gmt":"2014-01-30T17:05:08","slug":"sciacchetra-terra-di-bargon-2","status":"publish","type":"page","link":"https:\/\/terradibargon.com\/blog\/es\/sciacchetra-terra-di-bargon-2\/","title":{"rendered":"Sciacchetr\u00e0 Terra di Barg\u00f3n"},"content":{"rendered":"<p>&#8230; viene de las mejores uvas, seleccionadas con\u00a0 larga experiencia durante la cosecha y de inmediato extendidas al viento de Barg\u00f2n, protegidas del sol y de la lluvia en contenedores especiales. Pasados dos meses se quita la c\u00e1scara de las uvas a mano, grano a grano, en la bodega. Las uvas se prensan una primera vez y se deja fermentar el jugo durante unas dos semanas hasta la prensa final. El vino dulce (passito) envejece en barriles de acero, unos 20 meses.<\/p>\n<p>Es gracias a Pablo, un experto en \u00ab<em>naming<\/em>\u00ab, que nace el nombre \u00abTerra de Barg\u00f2n\u00bb, nombre en el que Roberto se reconoce plenamente. La imagen gr\u00e1fica, elaborada en varias discusiones y producida por Anna evoca la forma de los \u00ab<em>cian<\/em>\u00bb y la fatiga, en contraste con la belleza en la naturaleza, que se manifiesta en las letras <strong>Sciacchetr\u00e0<\/strong>. La hoja de datos con informaci\u00f3n b\u00e1sica sobre el Sciacchetr\u00e0 Terra di Barg\u00f2n\u00a0 que acompa\u00f1a cada paquete, ha sido redactada con los textos de Giovanna. Martino ha traducido y interpretado en la creaci\u00f3n de este sito internet el contenido y las emociones detr\u00e1s del proyecto.<\/p>\n<p>&nbsp;<\/p>\n<p style=\"text-align: right;\"><img loading=\"lazy\" decoding=\"async\" class=\" size-full wp-image-116\" alt=\"sciacchetra-terradibargon1\" src=\"http:\/\/terradibargon.com\/blog\/wp-content\/uploads\/2010\/04\/sciacchetra-terradibargon1.jpg\" width=\"465\" height=\"700\" srcset=\"https:\/\/terradibargon.com\/blog\/wp-content\/uploads\/2010\/04\/sciacchetra-terradibargon1.jpg 465w, https:\/\/terradibargon.com\/blog\/wp-content\/uploads\/2010\/04\/sciacchetra-terradibargon1-324x488.jpg 324w, https:\/\/terradibargon.com\/blog\/wp-content\/uploads\/2010\/04\/sciacchetra-terradibargon1-416x626.jpg 416w, https:\/\/terradibargon.com\/blog\/wp-content\/uploads\/2010\/04\/sciacchetra-terradibargon1-199x300.jpg 199w\" sizes=\"auto, (max-width: 465px) 100vw, 465px\" \/><\/p>\n<p style=\"text-align: right;\"><img loading=\"lazy\" decoding=\"async\" class=\" size-full wp-image-117\" alt=\"sciacchetra-terradibargon2\" src=\"http:\/\/terradibargon.com\/blog\/wp-content\/uploads\/2010\/04\/sciacchetra-terradibargon2.jpg\" width=\"465\" height=\"700\" srcset=\"https:\/\/terradibargon.com\/blog\/wp-content\/uploads\/2010\/04\/sciacchetra-terradibargon2.jpg 465w, https:\/\/terradibargon.com\/blog\/wp-content\/uploads\/2010\/04\/sciacchetra-terradibargon2-324x488.jpg 324w, https:\/\/terradibargon.com\/blog\/wp-content\/uploads\/2010\/04\/sciacchetra-terradibargon2-416x626.jpg 416w, https:\/\/terradibargon.com\/blog\/wp-content\/uploads\/2010\/04\/sciacchetra-terradibargon2-199x300.jpg 199w\" sizes=\"auto, (max-width: 465px) 100vw, 465px\" \/><\/p>\n<p style=\"text-align: right;\"><img loading=\"lazy\" decoding=\"async\" class=\" size-full wp-image-118\" alt=\"sciacchetra-terradibargon3\" src=\"http:\/\/terradibargon.com\/blog\/wp-content\/uploads\/2010\/04\/sciacchetra-terradibargon3.jpg\" width=\"465\" height=\"700\" srcset=\"https:\/\/terradibargon.com\/blog\/wp-content\/uploads\/2010\/04\/sciacchetra-terradibargon3.jpg 465w, https:\/\/terradibargon.com\/blog\/wp-content\/uploads\/2010\/04\/sciacchetra-terradibargon3-324x488.jpg 324w, https:\/\/terradibargon.com\/blog\/wp-content\/uploads\/2010\/04\/sciacchetra-terradibargon3-416x626.jpg 416w, https:\/\/terradibargon.com\/blog\/wp-content\/uploads\/2010\/04\/sciacchetra-terradibargon3-199x300.jpg 199w\" sizes=\"auto, (max-width: 465px) 100vw, 465px\" \/><\/p>\n<p style=\"text-align: right;\"><img loading=\"lazy\" decoding=\"async\" class=\" size-full wp-image-119\" alt=\"sciacchetra-terradibargon4\" src=\"http:\/\/terradibargon.com\/blog\/wp-content\/uploads\/2010\/04\/sciacchetra-terradibargon4.jpg\" width=\"465\" height=\"700\" srcset=\"https:\/\/terradibargon.com\/blog\/wp-content\/uploads\/2010\/04\/sciacchetra-terradibargon4.jpg 465w, https:\/\/terradibargon.com\/blog\/wp-content\/uploads\/2010\/04\/sciacchetra-terradibargon4-324x488.jpg 324w, https:\/\/terradibargon.com\/blog\/wp-content\/uploads\/2010\/04\/sciacchetra-terradibargon4-416x626.jpg 416w, https:\/\/terradibargon.com\/blog\/wp-content\/uploads\/2010\/04\/sciacchetra-terradibargon4-199x300.jpg 199w\" sizes=\"auto, (max-width: 465px) 100vw, 465px\" \/><\/p>\n<p style=\"text-align: right;\"><img loading=\"lazy\" decoding=\"async\" class=\" size-full wp-image-120\" alt=\"sciacchetra-terradibargon5\" src=\"http:\/\/terradibargon.com\/blog\/wp-content\/uploads\/2010\/04\/sciacchetra-terradibargon5.jpg\" width=\"465\" height=\"700\" srcset=\"https:\/\/terradibargon.com\/blog\/wp-content\/uploads\/2010\/04\/sciacchetra-terradibargon5.jpg 465w, https:\/\/terradibargon.com\/blog\/wp-content\/uploads\/2010\/04\/sciacchetra-terradibargon5-324x488.jpg 324w, https:\/\/terradibargon.com\/blog\/wp-content\/uploads\/2010\/04\/sciacchetra-terradibargon5-416x626.jpg 416w, https:\/\/terradibargon.com\/blog\/wp-content\/uploads\/2010\/04\/sciacchetra-terradibargon5-199x300.jpg 199w\" sizes=\"auto, (max-width: 465px) 100vw, 465px\" \/><\/p>\n<p style=\"text-align: right;\">\n","protected":false},"excerpt":{"rendered":"<p>&#8230; viene de las mejores uvas, seleccionadas con\u00a0 larga experiencia durante la cosecha y de inmediato extendidas al viento de Barg\u00f2n, protegidas del sol y de la lluvia en contenedores especiales. Pasados dos meses se quita la c\u00e1scara de las uvas a mano, grano a grano, en la bodega. Las uvas se prensan una primera [&hellip;]<\/p>\n","protected":false},"author":1,"featured_media":0,"parent":0,"menu_order":7,"comment_status":"closed","ping_status":"open","template":"","meta":{"_monsterinsights_skip_tracking":false,"_monsterinsights_sitenote_active":false,"_monsterinsights_sitenote_note":"","_monsterinsights_sitenote_category":0,"footnotes":""},"class_list":["post-522","page","type-page","status-publish","hentry"],"_links":{"self":[{"href":"https:\/\/terradibargon.com\/blog\/es\/wp-json\/wp\/v2\/pages\/522","targetHints":{"allow":["GET"]}}],"collection":[{"href":"https:\/\/terradibargon.com\/blog\/es\/wp-json\/wp\/v2\/pages"}],"about":[{"href":"https:\/\/terradibargon.com\/blog\/es\/wp-json\/wp\/v2\/types\/page"}],"author":[{"embeddable":true,"href":"https:\/\/terradibargon.com\/blog\/es\/wp-json\/wp\/v2\/users\/1"}],"replies":[{"embeddable":true,"href":"https:\/\/terradibargon.com\/blog\/es\/wp-json\/wp\/v2\/comments?post=522"}],"version-history":[{"count":1,"href":"https:\/\/terradibargon.com\/blog\/es\/wp-json\/wp\/v2\/pages\/522\/revisions"}],"predecessor-version":[{"id":523,"href":"https:\/\/terradibargon.com\/blog\/es\/wp-json\/wp\/v2\/pages\/522\/revisions\/523"}],"wp:attachment":[{"href":"https:\/\/terradibargon.com\/blog\/es\/wp-json\/wp\/v2\/media?parent=522"}],"curies":[{"name":"wp","href":"https:\/\/api.w.org\/{rel}","templated":true}]}}