{"id":121,"date":"2010-04-10T09:59:32","date_gmt":"2010-04-10T09:59:32","guid":{"rendered":"http:\/\/terradibargon.com\/blog\/lo-sciacchetra-terra-di-bargon\/"},"modified":"2014-07-04T17:28:28","modified_gmt":"2014-07-04T17:28:28","slug":"lo-sciacchetra-terra-di-bargon","status":"publish","type":"page","link":"https:\/\/terradibargon.com\/blog\/lo-sciacchetra-terra-di-bargon\/","title":{"rendered":"Lo Sciacchetr\u00e0 Terra di Barg\u00f2n"},"content":{"rendered":"<p>&#8230;nasce dalle migliori uve, selezionate con antica esperienza durante la vendemmia e subito stese al vento di Barg\u00f2n, protette dal sole e dalla pioggia in un accastellamento di graticci. Dopo due mesi i grappoli appassiti sono sgranati a mano, chicco per chicco, in cantina; gli acini vengono pigiati e poi lasciati fermentare nel mosto per circa due settimane prima della torchiatura. Il passito si affina sui propri lieviti, nell\u2019acciaio, per circa 20 mesi.<\/p>\n<p>E&#8217; grazie a Paolo, esperto di naming, che nasce &#8220;Terra di Barg\u00f2n&#8221;, il nome dell&#8217;azienda in cui Roberto\u00a0 si riconosce appieno nel suo nuovo ruolo. L&#8217;immagine grafica, elaborata in vivaci discussioni e realizzata da Anna evoca l&#8217;orditura dei <em>ci\u00e0n <\/em>e la fatica, come in natura accostata\u00a0 alla bellezza, che lei mette nella scritta Sciacchetr\u00e0. La scheda tecnica con le informazioni essenziali sullo Sciacchetr\u00e0 Terra di Barg\u00f2n, che accompagna ogni confezione, \u00e8 stata fatta con le parole di Giovanna. Martino ha tradotto e interpretatato nella realizzazione di questo sito contenuti ed emozioni che si sono dipanati e man mano chiariti.<\/p>\n<p style=\"text-align: right;\"><img loading=\"lazy\" decoding=\"async\" class=\" size-full wp-image-116\" src=\"http:\/\/terradibargon.com\/blog\/wp-content\/uploads\/2010\/04\/sciacchetra-terradibargon1.jpg\" alt=\"sciacchetra-terradibargon1\" width=\"465\" height=\"700\" srcset=\"https:\/\/terradibargon.com\/blog\/wp-content\/uploads\/2010\/04\/sciacchetra-terradibargon1.jpg 465w, https:\/\/terradibargon.com\/blog\/wp-content\/uploads\/2010\/04\/sciacchetra-terradibargon1-324x488.jpg 324w, https:\/\/terradibargon.com\/blog\/wp-content\/uploads\/2010\/04\/sciacchetra-terradibargon1-416x626.jpg 416w, https:\/\/terradibargon.com\/blog\/wp-content\/uploads\/2010\/04\/sciacchetra-terradibargon1-199x300.jpg 199w\" sizes=\"auto, (max-width: 465px) 100vw, 465px\" \/><\/p>\n<p style=\"text-align: right;\"><img loading=\"lazy\" decoding=\"async\" class=\" size-full wp-image-117\" src=\"http:\/\/terradibargon.com\/blog\/wp-content\/uploads\/2010\/04\/sciacchetra-terradibargon2.jpg\" alt=\"sciacchetra-terradibargon2\" width=\"465\" height=\"700\" srcset=\"https:\/\/terradibargon.com\/blog\/wp-content\/uploads\/2010\/04\/sciacchetra-terradibargon2.jpg 465w, https:\/\/terradibargon.com\/blog\/wp-content\/uploads\/2010\/04\/sciacchetra-terradibargon2-324x488.jpg 324w, https:\/\/terradibargon.com\/blog\/wp-content\/uploads\/2010\/04\/sciacchetra-terradibargon2-416x626.jpg 416w, https:\/\/terradibargon.com\/blog\/wp-content\/uploads\/2010\/04\/sciacchetra-terradibargon2-199x300.jpg 199w\" sizes=\"auto, (max-width: 465px) 100vw, 465px\" \/><\/p>\n<p style=\"text-align: right;\"><img loading=\"lazy\" decoding=\"async\" class=\" size-full wp-image-118\" src=\"http:\/\/terradibargon.com\/blog\/wp-content\/uploads\/2010\/04\/sciacchetra-terradibargon3.jpg\" alt=\"sciacchetra-terradibargon3\" width=\"465\" height=\"700\" srcset=\"https:\/\/terradibargon.com\/blog\/wp-content\/uploads\/2010\/04\/sciacchetra-terradibargon3.jpg 465w, https:\/\/terradibargon.com\/blog\/wp-content\/uploads\/2010\/04\/sciacchetra-terradibargon3-324x488.jpg 324w, https:\/\/terradibargon.com\/blog\/wp-content\/uploads\/2010\/04\/sciacchetra-terradibargon3-416x626.jpg 416w, https:\/\/terradibargon.com\/blog\/wp-content\/uploads\/2010\/04\/sciacchetra-terradibargon3-199x300.jpg 199w\" sizes=\"auto, (max-width: 465px) 100vw, 465px\" \/><\/p>\n<p style=\"text-align: right;\"><img loading=\"lazy\" decoding=\"async\" class=\" size-full wp-image-119\" src=\"http:\/\/terradibargon.com\/blog\/wp-content\/uploads\/2010\/04\/sciacchetra-terradibargon4.jpg\" alt=\"sciacchetra-terradibargon4\" width=\"465\" height=\"700\" srcset=\"https:\/\/terradibargon.com\/blog\/wp-content\/uploads\/2010\/04\/sciacchetra-terradibargon4.jpg 465w, https:\/\/terradibargon.com\/blog\/wp-content\/uploads\/2010\/04\/sciacchetra-terradibargon4-324x488.jpg 324w, https:\/\/terradibargon.com\/blog\/wp-content\/uploads\/2010\/04\/sciacchetra-terradibargon4-416x626.jpg 416w, https:\/\/terradibargon.com\/blog\/wp-content\/uploads\/2010\/04\/sciacchetra-terradibargon4-199x300.jpg 199w\" sizes=\"auto, (max-width: 465px) 100vw, 465px\" \/><\/p>\n<p style=\"text-align: right;\"><img loading=\"lazy\" decoding=\"async\" class=\" size-full wp-image-120\" src=\"http:\/\/terradibargon.com\/blog\/wp-content\/uploads\/2010\/04\/sciacchetra-terradibargon5.jpg\" alt=\"sciacchetra-terradibargon5\" width=\"465\" height=\"700\" srcset=\"https:\/\/terradibargon.com\/blog\/wp-content\/uploads\/2010\/04\/sciacchetra-terradibargon5.jpg 465w, https:\/\/terradibargon.com\/blog\/wp-content\/uploads\/2010\/04\/sciacchetra-terradibargon5-324x488.jpg 324w, https:\/\/terradibargon.com\/blog\/wp-content\/uploads\/2010\/04\/sciacchetra-terradibargon5-416x626.jpg 416w, https:\/\/terradibargon.com\/blog\/wp-content\/uploads\/2010\/04\/sciacchetra-terradibargon5-199x300.jpg 199w\" sizes=\"auto, (max-width: 465px) 100vw, 465px\" \/><\/p>\n","protected":false},"excerpt":{"rendered":"<p>&#8230;nasce dalle migliori uve, selezionate con antica esperienza durante la vendemmia e subito stese al vento di Barg\u00f2n, protette dal sole e dalla pioggia in un accastellamento di graticci. Dopo due mesi i grappoli appassiti sono sgranati a mano, chicco per chicco, in cantina; gli acini vengono pigiati e poi lasciati fermentare nel mosto per [&hellip;]<\/p>\n","protected":false},"author":1,"featured_media":116,"parent":0,"menu_order":7,"comment_status":"closed","ping_status":"open","template":"","meta":{"_monsterinsights_skip_tracking":false,"_monsterinsights_sitenote_active":false,"_monsterinsights_sitenote_note":"","_monsterinsights_sitenote_category":0,"footnotes":""},"class_list":["post-121","page","type-page","status-publish","has-post-thumbnail","hentry"],"_links":{"self":[{"href":"https:\/\/terradibargon.com\/blog\/wp-json\/wp\/v2\/pages\/121","targetHints":{"allow":["GET"]}}],"collection":[{"href":"https:\/\/terradibargon.com\/blog\/wp-json\/wp\/v2\/pages"}],"about":[{"href":"https:\/\/terradibargon.com\/blog\/wp-json\/wp\/v2\/types\/page"}],"author":[{"embeddable":true,"href":"https:\/\/terradibargon.com\/blog\/wp-json\/wp\/v2\/users\/1"}],"replies":[{"embeddable":true,"href":"https:\/\/terradibargon.com\/blog\/wp-json\/wp\/v2\/comments?post=121"}],"version-history":[{"count":4,"href":"https:\/\/terradibargon.com\/blog\/wp-json\/wp\/v2\/pages\/121\/revisions"}],"predecessor-version":[{"id":1780,"href":"https:\/\/terradibargon.com\/blog\/wp-json\/wp\/v2\/pages\/121\/revisions\/1780"}],"wp:featuredmedia":[{"embeddable":true,"href":"https:\/\/terradibargon.com\/blog\/wp-json\/wp\/v2\/media\/116"}],"wp:attachment":[{"href":"https:\/\/terradibargon.com\/blog\/wp-json\/wp\/v2\/media?parent=121"}],"curies":[{"name":"wp","href":"https:\/\/api.w.org\/{rel}","templated":true}]}}