{"id":44,"date":"2010-03-30T16:31:08","date_gmt":"2010-03-30T16:31:08","guid":{"rendered":"http:\/\/terradibargon.com\/blog\/1-chi-siamo\/"},"modified":"2020-06-03T12:06:02","modified_gmt":"2020-06-03T12:06:02","slug":"1-chi-siamo","status":"publish","type":"page","link":"https:\/\/terradibargon.com\/blog\/1-chi-siamo\/","title":{"rendered":"Una nuova azienda con una lunga storia"},"content":{"rendered":"<p>Terra di Barg\u00f2n, piccola azienda familiare per la produzione e la vendita dello <strong>Sciacchetr\u00e0<\/strong>, nasce dall&#8217;incontro di due mondi: quello di Roberto che coltiva da sempre la vigna con i suoi fratelli a Riomaggiore e quello di Alessandra che&nbsp; da sempre attiva reti trasversali a culture e linguaggi diversi alla ricerca di un linguaggio comune.<\/p>\n<p>Terra di Barg\u00f2n \u00e8 il nostro progetto dei sessant&#8217;anni, come produttori vogliamo continuare a fare lo Sciacchetr\u00e0 rinnovandoci nel solco della tradizione, una sfida culturale e politica. Abbiamo inteso declinare il rinnovamento con il tipo di progetto di ristrutturazione della vecchia cantina di famiglia in Via Gramsci, con le caratteristich del segno grafico e con i testi adottati.<\/p>\n<p style=\"text-align: center;\">\n<\/p><p style=\"text-align: center;\"><\/p>\n\n\n<figure class=\"wp-block-gallery columns-2 is-cropped wp-block-gallery-1 is-layout-flex wp-block-gallery-is-layout-flex\"><ul class=\"blocks-gallery-grid\"><li class=\"blocks-gallery-item\"><figure><img loading=\"lazy\" decoding=\"async\" width=\"800\" height=\"530\" src=\"http:\/\/terradibargon.com\/blog\/wp-content\/uploads\/2010\/03\/sciacchetra-robe-rotaia.jpg\" alt=\"sciacchetra-robe-rotaia\" data-id=\"39\" data-full-url=\"http:\/\/terradibargon.com\/blog\/wp-content\/uploads\/2010\/03\/sciacchetra-robe-rotaia.jpg\" data-link=\"http:\/\/terradibargon.com\/blog\/1-chi-siamo\/sciacchetra-robe-rotaia\/\" class=\"wp-image-39\" srcset=\"https:\/\/terradibargon.com\/blog\/wp-content\/uploads\/2010\/03\/sciacchetra-robe-rotaia.jpg 800w, https:\/\/terradibargon.com\/blog\/wp-content\/uploads\/2010\/03\/sciacchetra-robe-rotaia-324x215.jpg 324w, https:\/\/terradibargon.com\/blog\/wp-content\/uploads\/2010\/03\/sciacchetra-robe-rotaia-416x276.jpg 416w, https:\/\/terradibargon.com\/blog\/wp-content\/uploads\/2010\/03\/sciacchetra-robe-rotaia-300x198.jpg 300w\" sizes=\"auto, (max-width: 800px) 100vw, 800px\" \/><\/figure><\/li><li class=\"blocks-gallery-item\"><figure><img loading=\"lazy\" decoding=\"async\" width=\"800\" height=\"533\" src=\"http:\/\/terradibargon.com\/blog\/wp-content\/uploads\/2010\/03\/sciacchetra-ale.jpg\" alt=\"sciacchetra-ale\" data-id=\"42\" data-full-url=\"http:\/\/terradibargon.com\/blog\/wp-content\/uploads\/2010\/03\/sciacchetra-ale.jpg\" data-link=\"http:\/\/terradibargon.com\/blog\/1-chi-siamo\/sciacchetra-ale\/\" class=\"wp-image-42\" srcset=\"https:\/\/terradibargon.com\/blog\/wp-content\/uploads\/2010\/03\/sciacchetra-ale.jpg 800w, https:\/\/terradibargon.com\/blog\/wp-content\/uploads\/2010\/03\/sciacchetra-ale-324x216.jpg 324w, https:\/\/terradibargon.com\/blog\/wp-content\/uploads\/2010\/03\/sciacchetra-ale-416x277.jpg 416w, https:\/\/terradibargon.com\/blog\/wp-content\/uploads\/2010\/03\/sciacchetra-ale-300x199.jpg 300w\" sizes=\"auto, (max-width: 800px) 100vw, 800px\" \/><\/figure><\/li><\/ul><\/figure>\n\n\n\n<h1 class=\"wp-block-heading\">La Terra di Barg\u00f2n<\/h1>\n\n\n\n<p>All\u2019incrocio fra il sentiero numero tre, quello che congiunge Riomaggiore al Telegrafo, arrampicata sui rilievi di Riomaggiore, \u00e8<em> Barg\u00f2n.<\/em> Negli anni 30\u2019, al ritorno dall\u2019America dove era emigrato a causa dell\u2019avvento della filossera, il padre di Roberto,\u00a0chiamato per questo nelle Cinque Terre\u00a0<em>il figlio dell\u2019americano,<\/em> compr\u00f2 la casa e la terra per piantare la vigna.<\/p>\n\n\n\n<p>Da allora i fratelli Bonfiglio, continuano a coltivare quei <em>ci\u00e0n<\/em> ed a produrre vino bianco<strong> e Sciacchetr\u00e0<\/strong>. Roberto ne coltiva qui 2200 metri&nbsp;ed altri &nbsp;700 a <em>Sera<\/em>. Ben esposta al sole e splendidamente ventilata \u00e8 il posto ideale per comporre i graticci su cui far passire l\u2019uva, fase essenziale per garantire le caratteristiche organolettiche dello Sciacchetr\u00e0. Roberto coltiva e produce Cinque Terre&nbsp; Sciacchetr\u00e0 doc, tra i \u201ctop cento\u201d2011 di Golosaria, lo produce nel solco della tradizione.<\/p>\n\n\n\n<figure class=\"wp-block-gallery columns-2 is-cropped wp-block-gallery-2 is-layout-flex wp-block-gallery-is-layout-flex\"><ul class=\"blocks-gallery-grid\"><li class=\"blocks-gallery-item\"><figure><img loading=\"lazy\" decoding=\"async\" width=\"630\" height=\"434\" src=\"https:\/\/terradibargon.com\/blog\/wp-content\/uploads\/2010\/04\/terradibargon1.jpg\" alt=\"terradibargon1\" data-id=\"111\" data-full-url=\"https:\/\/terradibargon.com\/blog\/wp-content\/uploads\/2010\/04\/terradibargon1.jpg\" data-link=\"https:\/\/terradibargon.com\/blog\/la-terra-di-bargon\/terradibargon1\/\" class=\"wp-image-111\" srcset=\"https:\/\/terradibargon.com\/blog\/wp-content\/uploads\/2010\/04\/terradibargon1.jpg 630w, https:\/\/terradibargon.com\/blog\/wp-content\/uploads\/2010\/04\/terradibargon1-324x223.jpg 324w, https:\/\/terradibargon.com\/blog\/wp-content\/uploads\/2010\/04\/terradibargon1-416x287.jpg 416w, https:\/\/terradibargon.com\/blog\/wp-content\/uploads\/2010\/04\/terradibargon1-300x206.jpg 300w\" sizes=\"auto, (max-width: 630px) 100vw, 630px\" \/><figcaption class=\"blocks-gallery-item__caption\">Una foto degli anni 90, di Barg\u00f2n di Sergio Fregoso<\/figcaption><\/figure><\/li><li class=\"blocks-gallery-item\"><figure><img loading=\"lazy\" decoding=\"async\" width=\"800\" height=\"628\" src=\"http:\/\/terradibargon.com\/blog\/wp-content\/uploads\/2010\/03\/sciacchetra-bargon-fregoso800.jpg\" alt=\"\" data-id=\"226\" data-full-url=\"http:\/\/terradibargon.com\/blog\/wp-content\/uploads\/2010\/03\/sciacchetra-bargon-fregoso800.jpg\" data-link=\"https:\/\/terradibargon.com\/blog\/the-land-of-bargon\/1385405491-2\/\" class=\"wp-image-226\" srcset=\"https:\/\/terradibargon.com\/blog\/wp-content\/uploads\/2010\/03\/sciacchetra-bargon-fregoso800.jpg 800w, https:\/\/terradibargon.com\/blog\/wp-content\/uploads\/2010\/03\/sciacchetra-bargon-fregoso800-300x235.jpg 300w\" sizes=\"auto, (max-width: 800px) 100vw, 800px\" \/><\/figure><\/li><\/ul><\/figure>\n\n\n\n<h1 class=\"wp-block-heading\">Le Cinque Terre<\/h1>\n\n\n\n<p>Nel tratto costiero del levante ligure noto con il nome di <strong>Cinque Terre<\/strong>, si incontra un paesaggio unico, caratterizzato dai <strong>terrazzamenti<\/strong> che si estendono per 6729 km, in cui da secoli con sacrificio viene coltivata la vite. Il territorio, che comprende i cinque antichi borghi di Riomaggiore, Manarola, Corniglia, Vernazza e Monterosso al Mare, \u00e8 stato dichiarato nel 1997 dall\u2019Unesco <strong>Patrimonio Mondiale dell\u2019Umanit\u00e0<\/strong>.<\/p>\n\n\n\n<p>Questo territorio costituisce <strong>Parco Nazionale<\/strong> e <strong>Area Marina Protetta<\/strong>. Qui il sole e il mare giocano un ruolo favorevole sulla viticoltura ligure che \u00e8 caratterizzata da una produzione vitivinicola limitata.<\/p>\n\n\n\n<figure class=\"wp-block-gallery aligncenter columns-2 is-cropped wp-block-gallery-3 is-layout-flex wp-block-gallery-is-layout-flex\"><ul class=\"blocks-gallery-grid\"><li class=\"blocks-gallery-item\"><figure><img loading=\"lazy\" decoding=\"async\" width=\"700\" height=\"406\" src=\"https:\/\/terradibargon.com\/blog\/wp-content\/uploads\/2009\/10\/paesaggio-riomaggiore1.jpg\" alt=\"paesaggio-riomaggiore1\" data-id=\"5\" data-full-url=\"https:\/\/terradibargon.com\/blog\/wp-content\/uploads\/2009\/10\/paesaggio-riomaggiore1.jpg\" data-link=\"https:\/\/terradibargon.com\/blog\/dove\/paesaggio-riomaggiore1\/\" class=\"wp-image-5\" srcset=\"https:\/\/terradibargon.com\/blog\/wp-content\/uploads\/2009\/10\/paesaggio-riomaggiore1.jpg 700w, https:\/\/terradibargon.com\/blog\/wp-content\/uploads\/2009\/10\/paesaggio-riomaggiore1-324x188.jpg 324w, https:\/\/terradibargon.com\/blog\/wp-content\/uploads\/2009\/10\/paesaggio-riomaggiore1-416x241.jpg 416w, https:\/\/terradibargon.com\/blog\/wp-content\/uploads\/2009\/10\/paesaggio-riomaggiore1-300x174.jpg 300w\" sizes=\"auto, (max-width: 700px) 100vw, 700px\" \/><\/figure><\/li><li class=\"blocks-gallery-item\"><figure><img loading=\"lazy\" decoding=\"async\" width=\"700\" height=\"464\" src=\"https:\/\/terradibargon.com\/blog\/wp-content\/uploads\/2009\/10\/sciacchetra-manarola.jpg\" alt=\"sciacchetra-manarola\" data-id=\"14\" data-full-url=\"https:\/\/terradibargon.com\/blog\/wp-content\/uploads\/2009\/10\/sciacchetra-manarola.jpg\" data-link=\"https:\/\/terradibargon.com\/blog\/dove\/sciacchetra-manarola\/\" class=\"wp-image-14\" srcset=\"https:\/\/terradibargon.com\/blog\/wp-content\/uploads\/2009\/10\/sciacchetra-manarola.jpg 700w, https:\/\/terradibargon.com\/blog\/wp-content\/uploads\/2009\/10\/sciacchetra-manarola-324x215.jpg 324w, https:\/\/terradibargon.com\/blog\/wp-content\/uploads\/2009\/10\/sciacchetra-manarola-416x276.jpg 416w, https:\/\/terradibargon.com\/blog\/wp-content\/uploads\/2009\/10\/sciacchetra-manarola-300x198.jpg 300w\" sizes=\"auto, (max-width: 700px) 100vw, 700px\" \/><\/figure><\/li><li class=\"blocks-gallery-item\"><figure><img loading=\"lazy\" decoding=\"async\" width=\"700\" height=\"465\" src=\"https:\/\/terradibargon.com\/blog\/wp-content\/uploads\/2009\/10\/dovesiamo-sciacchetra3.jpg\" alt=\"dovesiamo-sciacchetra-riomaggiore\" data-id=\"8\" data-full-url=\"https:\/\/terradibargon.com\/blog\/wp-content\/uploads\/2009\/10\/dovesiamo-sciacchetra3.jpg\" data-link=\"https:\/\/terradibargon.com\/blog\/dove\/dovesiamo-sciacchetra3\/\" class=\"wp-image-8\" srcset=\"https:\/\/terradibargon.com\/blog\/wp-content\/uploads\/2009\/10\/dovesiamo-sciacchetra3.jpg 700w, https:\/\/terradibargon.com\/blog\/wp-content\/uploads\/2009\/10\/dovesiamo-sciacchetra3-324x215.jpg 324w, https:\/\/terradibargon.com\/blog\/wp-content\/uploads\/2009\/10\/dovesiamo-sciacchetra3-416x276.jpg 416w, https:\/\/terradibargon.com\/blog\/wp-content\/uploads\/2009\/10\/dovesiamo-sciacchetra3-300x199.jpg 300w\" sizes=\"auto, (max-width: 700px) 100vw, 700px\" \/><\/figure><\/li><li class=\"blocks-gallery-item\"><figure><img loading=\"lazy\" decoding=\"async\" width=\"700\" height=\"464\" src=\"https:\/\/terradibargon.com\/blog\/wp-content\/uploads\/2010\/03\/vendemmia-sciacchetra01.jpg\" alt=\"libro sciacchetra cinqueterre\" data-id=\"54\" data-full-url=\"https:\/\/terradibargon.com\/blog\/wp-content\/uploads\/2010\/03\/vendemmia-sciacchetra01.jpg\" data-link=\"https:\/\/terradibargon.com\/blog\/autunno\/vendemmia-sciacchetra01\/\" class=\"wp-image-54\" srcset=\"https:\/\/terradibargon.com\/blog\/wp-content\/uploads\/2010\/03\/vendemmia-sciacchetra01.jpg 700w, https:\/\/terradibargon.com\/blog\/wp-content\/uploads\/2010\/03\/vendemmia-sciacchetra01-324x215.jpg 324w, https:\/\/terradibargon.com\/blog\/wp-content\/uploads\/2010\/03\/vendemmia-sciacchetra01-416x276.jpg 416w, https:\/\/terradibargon.com\/blog\/wp-content\/uploads\/2010\/03\/vendemmia-sciacchetra01-300x198.jpg 300w\" sizes=\"auto, (max-width: 700px) 100vw, 700px\" \/><\/figure><\/li><\/ul><\/figure>\n","protected":false},"excerpt":{"rendered":"<p>Terra di Barg\u00f2n, piccola azienda familiare per la produzione e la vendita dello Sciacchetr\u00e0, nasce dall&#8217;incontro di due mondi: quello di Roberto che coltiva da sempre la vigna con i suoi fratelli a Riomaggiore e quello di Alessandra che&nbsp; da sempre attiva reti trasversali a culture e linguaggi diversi alla ricerca di un linguaggio comune. [&hellip;]<\/p>\n","protected":false},"author":1,"featured_media":0,"parent":0,"menu_order":4,"comment_status":"closed","ping_status":"closed","template":"","meta":{"_monsterinsights_skip_tracking":false,"_monsterinsights_sitenote_active":false,"_monsterinsights_sitenote_note":"","_monsterinsights_sitenote_category":0,"footnotes":""},"class_list":["post-44","page","type-page","status-publish","hentry"],"_links":{"self":[{"href":"https:\/\/terradibargon.com\/blog\/wp-json\/wp\/v2\/pages\/44","targetHints":{"allow":["GET"]}}],"collection":[{"href":"https:\/\/terradibargon.com\/blog\/wp-json\/wp\/v2\/pages"}],"about":[{"href":"https:\/\/terradibargon.com\/blog\/wp-json\/wp\/v2\/types\/page"}],"author":[{"embeddable":true,"href":"https:\/\/terradibargon.com\/blog\/wp-json\/wp\/v2\/users\/1"}],"replies":[{"embeddable":true,"href":"https:\/\/terradibargon.com\/blog\/wp-json\/wp\/v2\/comments?post=44"}],"version-history":[{"count":13,"href":"https:\/\/terradibargon.com\/blog\/wp-json\/wp\/v2\/pages\/44\/revisions"}],"predecessor-version":[{"id":4551,"href":"https:\/\/terradibargon.com\/blog\/wp-json\/wp\/v2\/pages\/44\/revisions\/4551"}],"wp:attachment":[{"href":"https:\/\/terradibargon.com\/blog\/wp-json\/wp\/v2\/media?parent=44"}],"curies":[{"name":"wp","href":"https:\/\/api.w.org\/{rel}","templated":true}]}}