{"id":6796,"date":"2023-03-24T17:37:37","date_gmt":"2023-03-24T17:37:37","guid":{"rendered":"https:\/\/terradibargon.com\/blog\/?page_id=6796"},"modified":"2023-03-29T15:14:25","modified_gmt":"2023-03-29T15:14:25","slug":"test-calendly","status":"publish","type":"page","link":"https:\/\/terradibargon.com\/blog\/test-calendly\/","title":{"rendered":"Test calendly"},"content":{"rendered":"\n<h3 class=\"wp-block-heading\">Wine tasting of Sciacchetr\u00e0 and visit to the terrraced land of Barg\u00f2n<br>We only open on request, t<a href=\"https:\/\/calendly.com\/terra-di-bargon\/wine-tasting-and-visit-terra-di-bargon?hide_gdpr_banner=1\">o book a visit please\u00a0 fill in the form below<\/a><strong>.<\/strong><\/h3>\n\n\n\n<p>Experiential encounter with Roberto, the vigneron, producer of Cinqueterre Sciacchetr\u00e0 doc in Riomaggiore. You will visit the vineyards and the&nbsp;<em>cantina<\/em>, where Sciacchetr\u00e0 passito wine is produced, stowed and sold.<\/p>\n\n\n\n<!-- Calendly link widget begin -->\n<link href=\"https:\/\/assets.calendly.com\/assets\/external\/widget.css\" rel=\"stylesheet\">\n<script src=\"https:\/\/assets.calendly.com\/assets\/external\/widget.js\" type=\"text\/javascript\" async><\/script>\n<h1> <a href=\"\" onclick=\"Calendly.initPopupWidget({url: 'https:\/\/calendly.com\/terra-di-bargon\/wine-tasting-and-visit-terra-di-bargon?hide_gdpr_banner=1'});return false;\">Click here to Book a Visit<\/a> <\/h1>\n<!-- Calendly link widget end -->\n\n\n\n\n<p><\/p>\n\n\n\n<p>Qui puoi vedere un esempio di come sarebbe il modulo di Calendly nella web di Terra di Barg\u00f3n. Ovviamente il logo sarebbe quello di Terra di Barg\u00f3n e nella foto piccola ci saresti tu. Gli eventi vengono aggiunti automaticamente sul tuo calendario e quando sono gi\u00e1 stati riservati vengono bloccati&#8230;.<\/p>\n\n\n\n<!-- Calendly link widget begin -->\n<link href=\"https:\/\/assets.calendly.com\/assets\/external\/widget.css\" rel=\"stylesheet\">\n<script src=\"https:\/\/assets.calendly.com\/assets\/external\/widget.js\" type=\"text\/javascript\" async><\/script>\n<h1> <a href=\"\" onclick=\"Calendly.initPopupWidget({url: 'https:\/\/calendly.com\/terra-di-bargon\/wine-tasting-and-visit-terra-di-bargon?hide_gdpr_banner=1'});return false;\">Book a Visit<\/a> <\/h1>\n<!-- Calendly link widget end -->\n\n\n\n\n<div style=\"height:100px\" aria-hidden=\"true\" class=\"wp-block-spacer\"><\/div>\n\n\n\n<div class=\"wp-block-image\"><figure class=\"aligncenter size-full\"><img loading=\"lazy\" decoding=\"async\" width=\"640\" height=\"440\" src=\"https:\/\/terradibargon.com\/blog\/wp-content\/uploads\/2010\/04\/terradibargon2.jpg\" alt=\"terradibargon2\" class=\"wp-image-112\" srcset=\"https:\/\/terradibargon.com\/blog\/wp-content\/uploads\/2010\/04\/terradibargon2.jpg 640w, https:\/\/terradibargon.com\/blog\/wp-content\/uploads\/2010\/04\/terradibargon2-324x223.jpg 324w, https:\/\/terradibargon.com\/blog\/wp-content\/uploads\/2010\/04\/terradibargon2-416x286.jpg 416w, https:\/\/terradibargon.com\/blog\/wp-content\/uploads\/2010\/04\/terradibargon2-300x206.jpg 300w\" sizes=\"auto, (max-width: 640px) 100vw, 640px\" \/><\/figure><\/div>\n","protected":false},"excerpt":{"rendered":"<p>Wine tasting of Sciacchetr\u00e0 and visit to the terrraced land of Barg\u00f2nWe only open on request, to book a visit please\u00a0 fill in the form below. Experiential encounter with Roberto, the vigneron, producer of Cinqueterre Sciacchetr\u00e0 doc in Riomaggiore. You will visit the vineyards and the&nbsp;cantina, where Sciacchetr\u00e0 passito wine is produced, stowed and sold. [&hellip;]<\/p>\n","protected":false},"author":1,"featured_media":0,"parent":0,"menu_order":0,"comment_status":"closed","ping_status":"closed","template":"","meta":{"_monsterinsights_skip_tracking":false,"_monsterinsights_sitenote_active":false,"_monsterinsights_sitenote_note":"","_monsterinsights_sitenote_category":0,"footnotes":""},"class_list":["post-6796","page","type-page","status-publish","hentry"],"_links":{"self":[{"href":"https:\/\/terradibargon.com\/blog\/wp-json\/wp\/v2\/pages\/6796","targetHints":{"allow":["GET"]}}],"collection":[{"href":"https:\/\/terradibargon.com\/blog\/wp-json\/wp\/v2\/pages"}],"about":[{"href":"https:\/\/terradibargon.com\/blog\/wp-json\/wp\/v2\/types\/page"}],"author":[{"embeddable":true,"href":"https:\/\/terradibargon.com\/blog\/wp-json\/wp\/v2\/users\/1"}],"replies":[{"embeddable":true,"href":"https:\/\/terradibargon.com\/blog\/wp-json\/wp\/v2\/comments?post=6796"}],"version-history":[{"count":8,"href":"https:\/\/terradibargon.com\/blog\/wp-json\/wp\/v2\/pages\/6796\/revisions"}],"predecessor-version":[{"id":6829,"href":"https:\/\/terradibargon.com\/blog\/wp-json\/wp\/v2\/pages\/6796\/revisions\/6829"}],"wp:attachment":[{"href":"https:\/\/terradibargon.com\/blog\/wp-json\/wp\/v2\/media?parent=6796"}],"curies":[{"name":"wp","href":"https:\/\/api.w.org\/{rel}","templated":true}]}}